{"id":2616,"date":"2025-04-13T13:50:05","date_gmt":"2025-04-13T12:50:05","guid":{"rendered":"https:\/\/campinggranparadiso.it\/?page_id=2616"},"modified":"2025-04-13T13:51:15","modified_gmt":"2025-04-13T12:51:15","slug":"privacy-policy","status":"publish","type":"page","link":"https:\/\/campinggranparadiso.it\/pt\/privacy-policy\/","title":{"rendered":"pol\u00edtica de Privacidade"},"content":{"rendered":"<div data-elementor-type=\"wp-page\" data-elementor-id=\"2616\" class=\"elementor elementor-2616\">\n\t\t\t\t<div class=\"elementor-element elementor-element-ih7zrzx1 twbb_section e-flex e-con-boxed e-con e-parent\" data-id=\"ih7zrzx1\" data-element_type=\"container\" data-e-type=\"container\" id=\"discover-gran-paradiso\" data-settings=\"{&quot;background_background&quot;:&quot;classic&quot;}\">\n\t\t\t\t\t<div class=\"e-con-inner\">\n\t\t\t\t<div class=\"elementor-element elementor-element-x9xpn5o8 elementor-widget__width-initial elementor-widget-mobile__width-inherit elementor-widget-tablet__width-initial elementor-invisible elementor-widget elementor-widget-heading\" data-id=\"x9xpn5o8\" data-element_type=\"widget\" data-e-type=\"widget\" data-settings=\"{&quot;_animation&quot;:&quot;fadeInUp&quot;}\" data-widget_type=\"heading.default\">\n\t\t\t\t<div class=\"elementor-widget-container\">\n\t\t\t\t\t<h2 class=\"elementor-heading-title elementor-size-default\">pol\u00edtica de Privacidade<\/h2>\t\t\t\t<\/div>\n\t\t\t\t<\/div>\n\t\t\t\t<div class=\"elementor-element elementor-element-inxbj3c2 elementor-widget__width-initial elementor-widget-mobile__width-inherit elementor-widget-tablet__width-initial elementor-invisible elementor-widget elementor-widget-text-editor\" data-id=\"inxbj3c2\" data-element_type=\"widget\" data-e-type=\"widget\" data-settings=\"{&quot;_animation&quot;:&quot;fadeInUp&quot;}\" data-widget_type=\"text-editor.default\">\n\t\t\t\t<div class=\"elementor-widget-container\">\n\t\t\t\t\t\t\t\t\t<p>O Camping Gran Paradiso se preocupa com a transpar\u00eancia e a seguran\u00e7a dos seus dados. Por esse motivo, uma se\u00e7\u00e3o do site www.campinggranparadiso.it foi dedicada \u00e0 privacidade: aqui, s\u00e3o descritos os m\u00e9todos de coleta e os tratamentos que ser\u00e3o realizados com seus dados.<\/p>\t\t\t\t\t\t\t\t<\/div>\n\t\t\t\t<\/div>\n\t\t\t\t\t<\/div>\n\t\t\t\t<\/div>\n\t\t<div class=\"elementor-element elementor-element-fd41bab e-flex e-con-boxed e-con e-parent\" data-id=\"fd41bab\" data-element_type=\"container\" data-e-type=\"container\">\n\t\t\t\t\t<div class=\"e-con-inner\">\n\t\t\t\t<div class=\"elementor-element elementor-element-cac1fa0 elementor-widget elementor-widget-text-editor\" data-id=\"cac1fa0\" data-element_type=\"widget\" data-e-type=\"widget\" data-widget_type=\"text-editor.default\">\n\t\t\t\t<div class=\"elementor-widget-container\">\n\t\t\t\t\t\t\t\t\t<p>INFORMA\u00c7\u00d5ES SOBRE O TRATAMENTO DE DADOS PESSOAIS<\/p><p>O Camping Gran Paradiso, como Controlador de Dados (doravante \u201cControlador\u201d), informa-o de acordo com o Art. 13 Decreto Legislativo 196\/2003 (doravante \u201cC\u00f3digo de Privacidade\u201d) e Art. 13 Reg. da UE. 679\/2016 (doravante \u201cRGPD\u201d) que os seus dados pessoais fornecidos atrav\u00e9s do envio de pedidos de informa\u00e7\u00e3o por correio eletr\u00f3nico e\/ou por telefone para satisfazer os seus pedidos ser\u00e3o tratados da seguinte forma:<\/p><p>Os dados pessoais fornecidos por voc\u00ea ao Controlador de Dados est\u00e3o sujeitos a processamento eletr\u00f4nico e em papel. Por \u201cprocessamento\u201d entendemos a coleta, registro, organiza\u00e7\u00e3o, armazenamento, consulta, processamento, modifica\u00e7\u00e3o, sele\u00e7\u00e3o, extra\u00e7\u00e3o, compara\u00e7\u00e3o, uso, interconex\u00e3o, bloqueio, comunica\u00e7\u00e3o, cancelamento e destrui\u00e7\u00e3o de dados (Art. 4 C\u00f3digo de Privacidade e Art. 4 co. 2 GDPR).<\/p><p>Os dados, recolhidos atrav\u00e9s do envio volunt\u00e1rio, livre e expresso pelo interessado de cartas via correio eletr\u00f3nico e postal; ao entrar em contato com a unidade por telefone, eles ser\u00e3o utilizados para responder \u00e0s suas solicita\u00e7\u00f5es. A dura\u00e7\u00e3o do seu processamento ser\u00e1 at\u00e9 que a solicita\u00e7\u00e3o seja atendida e eles poder\u00e3o ser processados por pessoas nomeadas pelo propriet\u00e1rio, como gerentes internos e externos, processadores de dados formalmente nomeados.<\/p><p><br \/>A lista de pessoas autorizadas a tratar os seus dados pessoais \u00e9 conservada e pode ser consultada, mediante pedido escrito a enviar ao Titular do Tratamento por correio eletr\u00f3nico endere\u00e7ado a campgranparadisovalsavarenche@gmail.com ou por carta registada com aviso de rece\u00e7\u00e3o (rrr) endere\u00e7ada \u00e0 sede do Titular do Tratamento.<\/p><p>Dados fornecidos voluntariamente pelo interessado<\/p><p>Caso o usu\u00e1rio forne\u00e7a dados adicionais al\u00e9m daqueles explicitamente solicitados via e-mail e\/ou cartas, estes ser\u00e3o obtidos e processados em total conformidade com a lei e caso excedam as finalidades do processamento, ser\u00e3o eliminados.<\/p><p>Para servi\u00e7os espec\u00edficos, mediante solicita\u00e7\u00e3o, ser\u00e3o fornecidas informa\u00e7\u00f5es resumidas espec\u00edficas.<\/p><p>Comunica\u00e7\u00e3o a terceiros e categorias de destinat\u00e1rios (art. 13, 1.\u00ba par\u00e1grafo RGPD)<\/p><p>Seus dados n\u00e3o ser\u00e3o transmitidos a terceiros.<\/p><p>Renova\u00e7\u00e3o da Pol\u00edtica de Privacidade<\/p><p>Qualquer processamento de dados al\u00e9m do per\u00edodo de reten\u00e7\u00e3o previsto resultar\u00e1 no envio de um novo aviso, que informar\u00e1 e especificar\u00e1 o tipo de dados coletados, o processamento que ser\u00e1 realizado, o per\u00edodo de reten\u00e7\u00e3o dos dados e a indica\u00e7\u00e3o dos terceiros aos quais seus dados poder\u00e3o ser transmitidos.<\/p><p>DIREITOS DO INTERESSADO<\/p><p>Na sua qualidade de interessado, s\u00e3o-lhe reconhecidos os direitos previstos no art. 7 C\u00f3digo de Privacidade e Art. 15 RGPD.<\/p><p>Quando aplic\u00e1vel, voc\u00ea pode exercer os direitos estabelecidos nos artigos 16 a 21 do GDPR (direito de: retifica\u00e7\u00e3o, restri\u00e7\u00e3o de processamento, oposi\u00e7\u00e3o, direito \u00e0 portabilidade e ao esquecimento).<\/p><p>TIPOS DE DADOS PROCESSADOS<\/p><p>DADOS DE NAVEGA\u00c7\u00c3O<\/p><p>Os sistemas inform\u00e1ticos e os procedimentos de software utilizados para operar o site www.campinggranparadiso.it durante o seu funcionamento normal adquirem alguns dados pessoais, cuja transmiss\u00e3o est\u00e1 impl\u00edcita na utiliza\u00e7\u00e3o dos protocolos de comunica\u00e7\u00e3o da Internet. Estas informa\u00e7\u00f5es n\u00e3o s\u00e3o coletadas para associar os interessados e identific\u00e1-los, mas, por sua natureza, podem permitir a identifica\u00e7\u00e3o do usu\u00e1rio por meio de tratamentos, associa\u00e7\u00f5es e cruzamentos com dados mantidos pelo Titular e por terceiros.<\/p><p>Esta categoria inclui: endere\u00e7os IP, nomes de dom\u00ednio dos computadores acessados pelos usu\u00e1rios, endere\u00e7os URI (Uniform Resource Identifier) dos recursos solicitados e seu tempo, o m\u00e9todo usado para enviar a solicita\u00e7\u00e3o ao servidor, o tamanho do arquivo obtido em resposta, o c\u00f3digo num\u00e9rico que indica o status da resposta do servidor de dados (bem-sucedido, erro, etc.) e par\u00e2metros adicionais do sistema operacional e do ambiente de TI do usu\u00e1rio.<\/p><p>Os dados coletados desta forma s\u00e3o an\u00f4nimos e s\u00e3o utilizados com o \u00fanico prop\u00f3sito de obter estat\u00edsticas an\u00f4nimas sobre o uso do site e verificar seu correto funcionamento. Este tipo de dados \u00e9 exclu\u00eddo imediatamente ap\u00f3s o processamento. Tais dados poder\u00e3o ser utilizados para controle e apura\u00e7\u00e3o de responsabilidades em caso de crimes inform\u00e1ticos contra o site.<\/p><p>Se voc\u00ea tiver uma conta e fizer login neste site, um cookie tempor\u00e1rio ser\u00e1 definido para determinar se seu navegador aceita cookies. Este cookie n\u00e3o cont\u00e9m dados pessoais e \u00e9 exclu\u00eddo quando voc\u00ea fecha o navegador.<\/p><p>Quando voc\u00ea fizer login, tamb\u00e9m configuraremos v\u00e1rios cookies para salvar suas informa\u00e7\u00f5es de login e suas op\u00e7\u00f5es de exibi\u00e7\u00e3o de tela. Os cookies de login duram dois dias e os cookies de op\u00e7\u00f5es de tela duram um ano. Se voc\u00ea selecionar \u201cLembrar de mim\u201d, seu login persistir\u00e1 por duas semanas. Se voc\u00ea sair da sua conta, seus cookies de login ser\u00e3o removidos.<\/p><p>Se voc\u00ea editar ou publicar um artigo, um cookie adicional ser\u00e1 salvo no seu navegador. Este cookie n\u00e3o inclui nenhum dado pessoal, mas simplesmente indica o ID do artigo rec\u00e9m-editado. Expira ap\u00f3s 1 dia.<\/p><p>Conte\u00fado incorporado de outros sites<\/p><p>Os artigos neste site podem incluir conte\u00fado incorporado (por exemplo, v\u00eddeos, imagens, artigos, etc.). Conte\u00fado incorporado de outros sites se comporta exatamente da mesma maneira como se o visitante tivesse visitado o outro site.<\/p><p>Esses sites podem coletar dados sobre voc\u00ea, usar cookies, incorporar rastreamento adicional de terceiros e monitorar sua intera\u00e7\u00e3o com esse conte\u00fado incorporado, incluindo o rastreamento de sua intera\u00e7\u00e3o com o conte\u00fado incorporado se voc\u00ea tiver uma conta e estiver conectado a esse site.<\/p><p>Se voc\u00ea deixar um coment\u00e1rio, o coment\u00e1rio e seus metadados ser\u00e3o retidos indefinidamente. Isso ocorre para que possamos reconhecer e aprovar automaticamente quaisquer coment\u00e1rios de acompanhamento, em vez de mant\u00ea-los em uma fila de modera\u00e7\u00e3o.<\/p><p>Para usu\u00e1rios que se registram em nosso site (se houver), tamb\u00e9m armazenamos as informa\u00e7\u00f5es pessoais que eles fornecem em seu perfil de usu\u00e1rio. Todos os usu\u00e1rios podem ver, editar ou excluir suas informa\u00e7\u00f5es pessoais a qualquer momento (exceto que n\u00e3o podem alterar seu nome de usu\u00e1rio). Os administradores do site tamb\u00e9m podem ver e editar essas informa\u00e7\u00f5es.<\/p>\t\t\t\t\t\t\t\t<\/div>\n\t\t\t\t<\/div>\n\t\t\t\t\t<\/div>\n\t\t\t\t<\/div>\n\t\t\t\t<\/div>","protected":false},"excerpt":{"rendered":"<p>Privacy Policy Camping Gran Paradiso tiene alla trasparenza e alla sicurezza dei vostri dati. Per questo motivo ha dedicato una sezione del sito www.campinggranparadiso.it alla privacy: qui vengono descritti i metodi di raccolta ed i trattamenti che saranno eseguiti con i vostri dati. INFORMATIVA PER IL TRATTAMENTO DEI DATI PERSONALI Camping Gran Paradiso, in qualit\u00e0 [&hellip;]<\/p>\n","protected":false},"author":0,"featured_media":0,"parent":0,"menu_order":0,"comment_status":"closed","ping_status":"draft","template":"","meta":{"two_page_speed":[],"footnotes":""},"class_list":["post-2616","page","type-page","status-publish","hentry"],"_links":{"self":[{"href":"https:\/\/campinggranparadiso.it\/pt\/wp-json\/wp\/v2\/pages\/2616","targetHints":{"allow":["GET"]}}],"collection":[{"href":"https:\/\/campinggranparadiso.it\/pt\/wp-json\/wp\/v2\/pages"}],"about":[{"href":"https:\/\/campinggranparadiso.it\/pt\/wp-json\/wp\/v2\/types\/page"}],"replies":[{"embeddable":true,"href":"https:\/\/campinggranparadiso.it\/pt\/wp-json\/wp\/v2\/comments?post=2616"}],"version-history":[{"count":0,"href":"https:\/\/campinggranparadiso.it\/pt\/wp-json\/wp\/v2\/pages\/2616\/revisions"}],"wp:attachment":[{"href":"https:\/\/campinggranparadiso.it\/pt\/wp-json\/wp\/v2\/media?parent=2616"}],"curies":[{"name":"wp","href":"https:\/\/api.w.org\/{rel}","templated":true}]}}