{"id":484,"date":"2025-02-22T18:50:41","date_gmt":"2025-02-22T18:50:41","guid":{"rendered":"https:\/\/campinggranparadiso.it\/?page_id=484"},"modified":"2025-04-21T23:20:00","modified_gmt":"2025-04-21T22:20:00","slug":"blog","status":"publish","type":"page","link":"https:\/\/campinggranparadiso.it\/fr\/blog\/","title":{"rendered":"Blog"},"content":{"rendered":"<div data-elementor-type=\"wp-page\" data-elementor-id=\"484\" class=\"elementor elementor-484\">\n\t\t\t\t<div class=\"elementor-element elementor-element-339dc4c9 twbb_section twbb_blog_43 e-flex e-con-boxed e-con e-parent\" data-id=\"339dc4c9\" data-element_type=\"container\" data-e-type=\"container\" data-settings=\"{&quot;background_background&quot;:&quot;classic&quot;}\">\n\t\t\t\t\t<div class=\"e-con-inner\">\n\t\t<div class=\"elementor-element elementor-element-568914fa e-con-full e-flex e-con e-child\" data-id=\"568914fa\" data-element_type=\"container\" data-e-type=\"container\">\n\t\t<div class=\"elementor-element elementor-element-7f2493bb e-con-full e-flex e-con e-child\" data-id=\"7f2493bb\" data-element_type=\"container\" data-e-type=\"container\">\n\t\t\t\t<div class=\"elementor-element elementor-element-60a3f5c2 elementor-widget__width-initial elementor-widget-mobile__width-inherit elementor-widget-tablet__width-initial elementor-invisible elementor-widget elementor-widget-heading\" data-id=\"60a3f5c2\" data-element_type=\"widget\" data-e-type=\"widget\" data-settings=\"{&quot;_animation&quot;:&quot;fadeInUp&quot;}\" data-widget_type=\"heading.default\">\n\t\t\t\t<div class=\"elementor-widget-container\">\n\t\t\t\t\t<h2 class=\"elementor-heading-title elementor-size-default\">Derniers articles<\/h2>\t\t\t\t<\/div>\n\t\t\t\t<\/div>\n\t\t\t\t<div class=\"elementor-element elementor-element-6c87622a elementor-widget__width-initial elementor-widget-mobile__width-inherit elementor-widget-tablet__width-initial elementor-invisible elementor-widget elementor-widget-text-editor\" data-id=\"6c87622a\" data-element_type=\"widget\" data-e-type=\"widget\" data-settings=\"{&quot;_animation&quot;:&quot;fadeInUp&quot;}\" data-widget_type=\"text-editor.default\">\n\t\t\t\t<div class=\"elementor-widget-container\">\n\t\t\t\t\t\t\t\t\t<p>D\u00e9couvrez les diff\u00e9rents contenus autour de la montagne.<\/p>\t\t\t\t\t\t\t\t<\/div>\n\t\t\t\t<\/div>\n\t\t\t\t<\/div>\n\t\t\t\t<\/div>\n\t\t\t\t<div class=\"elementor-element elementor-element-3abd0f15 elementor-widget__width-initial elementor-widget-mobile__width-inherit elementor-widget-tablet__width-initial twbb_slider_options_changed-default elementor-grid-3 elementor-grid-tablet-2 elementor-grid-mobile-1 elementor-posts--thumbnail-top elementor-posts--thumbnail-tablet-top elementor-posts--thumbnail-mobile-top twbb-posts-image-animation_zoom-in twbb-posts-image-animation-duration-fast twbb-posts--fullHeight_no elementor-widget elementor-widget-tenweb-posts\" data-id=\"3abd0f15\" data-element_type=\"widget\" data-e-type=\"widget\" data-settings=\"{&quot;classic_slides_view&quot;:&quot;no&quot;,&quot;classic_columns&quot;:&quot;3&quot;,&quot;classic_columns_tablet&quot;:&quot;2&quot;,&quot;classic_columns_mobile&quot;:&quot;1&quot;,&quot;classic_thumbnail&quot;:&quot;top&quot;,&quot;classic_thumbnail_tablet&quot;:&quot;top&quot;,&quot;classic_thumbnail_mobile&quot;:&quot;top&quot;,&quot;classic_column_gap&quot;:{&quot;unit&quot;:&quot;px&quot;,&quot;size&quot;:30,&quot;sizes&quot;:[]},&quot;classic_column_gap_tablet&quot;:{&quot;unit&quot;:&quot;px&quot;,&quot;size&quot;:&quot;&quot;,&quot;sizes&quot;:[]},&quot;classic_column_gap_mobile&quot;:{&quot;unit&quot;:&quot;px&quot;,&quot;size&quot;:&quot;&quot;,&quot;sizes&quot;:[]},&quot;classic_row_gap&quot;:{&quot;unit&quot;:&quot;px&quot;,&quot;size&quot;:35,&quot;sizes&quot;:[]},&quot;classic_row_gap_tablet&quot;:{&quot;unit&quot;:&quot;px&quot;,&quot;size&quot;:&quot;&quot;,&quot;sizes&quot;:[]},&quot;classic_row_gap_mobile&quot;:{&quot;unit&quot;:&quot;px&quot;,&quot;size&quot;:&quot;&quot;,&quot;sizes&quot;:[]}}\" data-widget_type=\"tenweb-posts.classic\">\n\t\t\t\t<div class=\"elementor-widget-container\">\n\t\t\t\t\t            <div data-skin=\"classic \" class=\"elementor-posts-container elementor-posts elementor-posts--skin-classic elementor-grid\">\n            \t\t<article class=\"elementor-post elementor-grid-item post-3463 post type-post status-publish format-standard has-post-thumbnail hentry category-escursioni tag-escursionismo tag-gran-paradiso tag-gran-paradiso-national-park tag-parco-nazionale-gran-paradiso tag-rifugi-valle-daosta tag-trekking tag-trekking-valle-daosta tag-valledaosta\">\n\t\t        <div class=\"twbb-image-container\">\n                        <a class=\"elementor-post__thumbnail__link\" href=\"https:\/\/campinggranparadiso.it\/fr\/cosa-vedere-nel-parco-nazionale-del-gran-paradiso-valle-daosta-natura-viva-silenzio-e-bellezza-autentica\/\" tabindex=\"-1\" >\n                <div class=\"elementor-post__thumbnail\"><img fetchpriority=\"high\" decoding=\"async\" width=\"600\" height=\"400\" src=\"https:\/\/campinggranparadiso.it\/wp-content\/uploads\/2025\/04\/Instagram__E2A2208-600x400.jpg\" class=\"attachment-tenweb_optimizer_mobile size-tenweb_optimizer_mobile wp-image-2350\" alt=\"\" srcset=\"https:\/\/campinggranparadiso.it\/wp-content\/uploads\/2025\/04\/Instagram__E2A2208-600x400.jpg 600w, https:\/\/campinggranparadiso.it\/wp-content\/uploads\/2025\/04\/Instagram__E2A2208-300x200.jpg 300w, https:\/\/campinggranparadiso.it\/wp-content\/uploads\/2025\/04\/Instagram__E2A2208-1024x683.jpg 1024w, https:\/\/campinggranparadiso.it\/wp-content\/uploads\/2025\/04\/Instagram__E2A2208-768x512.jpg 768w, https:\/\/campinggranparadiso.it\/wp-content\/uploads\/2025\/04\/Instagram__E2A2208-1536x1024.jpg 1536w, https:\/\/campinggranparadiso.it\/wp-content\/uploads\/2025\/04\/Instagram__E2A2208.jpg 1920w\" sizes=\"(max-width: 600px) 100vw, 600px\" \/><\/div>\n            <\/a>\n                    <\/div>\n\t\t\t\t<div class=\"elementor-post__text\">\n\t\t\t\t<h5 class=\"elementor-post__title\">\n\t\t\t<a href=\"https:\/\/campinggranparadiso.it\/fr\/cosa-vedere-nel-parco-nazionale-del-gran-paradiso-valle-daosta-natura-viva-silenzio-e-bellezza-autentica\/\" >\n\t\t\t\tQue voir dans le parc national du Gran Paradiso\u00a0: une nature luxuriante, le silence et une beaut\u00e9 authentique\t\t\t<\/a>\n\t\t<\/h5>\n\t\t\t\t<div class=\"elementor-post__excerpt\">\n\t\t\t<p>Le c\u00f4t\u00e9 Vall\u00e9e d&#039;Aoste du parc national du Grand Paradis, le plus ancien d&#039;Italie (cr\u00e9\u00e9 en<\/p>\n\t\t<\/div>\n\t\t\t\t<\/div>\n\t\t\t\t<\/article>\n\t\t\t\t<article class=\"elementor-post elementor-grid-item post-3461 post type-post status-publish format-standard has-post-thumbnail hentry category-camping tag-alpinismo-valle-daosta tag-campeggi-valle-daosta tag-campeggio tag-camping-valle-daosta tag-gran-paradiso tag-gran-paradiso-national-park tag-parco-nazionale-gran-paradiso tag-rifugi-valle-daosta tag-trekking-valle-daosta\">\n\t\t        <div class=\"twbb-image-container\">\n                        <a class=\"elementor-post__thumbnail__link\" href=\"https:\/\/campinggranparadiso.it\/fr\/camping-gran-paradiso-dormire-nel-cuore-del-parco\/\" tabindex=\"-1\" >\n                <div class=\"elementor-post__thumbnail\"><img decoding=\"async\" width=\"600\" height=\"400\" src=\"https:\/\/campinggranparadiso.it\/wp-content\/uploads\/2025\/10\/CGP_Piazzole-3-600x400.jpg\" class=\"attachment-tenweb_optimizer_mobile size-tenweb_optimizer_mobile wp-image-3341\" alt=\"\" srcset=\"https:\/\/campinggranparadiso.it\/wp-content\/uploads\/2025\/10\/CGP_Piazzole-3-600x400.jpg 600w, https:\/\/campinggranparadiso.it\/wp-content\/uploads\/2025\/10\/CGP_Piazzole-3-300x200.jpg 300w, https:\/\/campinggranparadiso.it\/wp-content\/uploads\/2025\/10\/CGP_Piazzole-3-1024x683.jpg 1024w, https:\/\/campinggranparadiso.it\/wp-content\/uploads\/2025\/10\/CGP_Piazzole-3-768x512.jpg 768w, https:\/\/campinggranparadiso.it\/wp-content\/uploads\/2025\/10\/CGP_Piazzole-3-1536x1025.jpg 1536w, https:\/\/campinggranparadiso.it\/wp-content\/uploads\/2025\/10\/CGP_Piazzole-3-2048x1366.jpg 2048w, https:\/\/campinggranparadiso.it\/wp-content\/uploads\/2025\/10\/CGP_Piazzole-3-18x12.jpg 18w\" sizes=\"(max-width: 600px) 100vw, 600px\" \/><\/div>\n            <\/a>\n                    <\/div>\n\t\t\t\t<div class=\"elementor-post__text\">\n\t\t\t\t<h5 class=\"elementor-post__title\">\n\t\t\t<a href=\"https:\/\/campinggranparadiso.it\/fr\/camping-gran-paradiso-dormire-nel-cuore-del-parco\/\" >\n\t\t\t\tCamping Gran Paradiso : Dormez au c\u0153ur du parc\t\t\t<\/a>\n\t\t<\/h5>\n\t\t\t\t<div class=\"elementor-post__excerpt\">\n\t\t\t<p>Dans le silence profond de Valsavarenche, au pied des sommets du Parc National du Grand Paradis<\/p>\n\t\t<\/div>\n\t\t\t\t<\/div>\n\t\t\t\t<\/article>\n\t\t\t\t<article class=\"elementor-post elementor-grid-item post-3458 post type-post status-publish format-standard has-post-thumbnail hentry category-camping tag-alpinismo-valle-daosta tag-campeggi-valle-daosta tag-camping-valle-daosta tag-gran-paradiso tag-gran-paradiso-national-park tag-parco-nazionale-gran-paradiso tag-rifugi-valle-daosta tag-trekking-valle-daosta\">\n\t\t        <div class=\"twbb-image-container\">\n                        <a class=\"elementor-post__thumbnail__link\" href=\"https:\/\/campinggranparadiso.it\/fr\/campeggiare-in-valle-daosta-dormire-tra-le-montagne-risvegliarsi-nella-natura\/\" tabindex=\"-1\" >\n                <div class=\"elementor-post__thumbnail\"><img decoding=\"async\" width=\"600\" height=\"441\" src=\"https:\/\/campinggranparadiso.it\/wp-content\/uploads\/2025\/12\/campeggio-600x441.jpg\" class=\"attachment-tenweb_optimizer_mobile size-tenweb_optimizer_mobile wp-image-3459\" alt=\"Camping Gran Paradiso Valsavarenche\" srcset=\"https:\/\/campinggranparadiso.it\/wp-content\/uploads\/2025\/12\/campeggio-600x441.jpg 600w, https:\/\/campinggranparadiso.it\/wp-content\/uploads\/2025\/12\/campeggio-300x221.jpg 300w, https:\/\/campinggranparadiso.it\/wp-content\/uploads\/2025\/12\/campeggio-768x565.jpg 768w, https:\/\/campinggranparadiso.it\/wp-content\/uploads\/2025\/12\/campeggio-16x12.jpg 16w, https:\/\/campinggranparadiso.it\/wp-content\/uploads\/2025\/12\/campeggio.jpg 923w\" sizes=\"(max-width: 600px) 100vw, 600px\" \/><\/div>\n            <\/a>\n                    <\/div>\n\t\t\t\t<div class=\"elementor-post__text\">\n\t\t\t\t<h5 class=\"elementor-post__title\">\n\t\t\t<a href=\"https:\/\/campinggranparadiso.it\/fr\/campeggiare-in-valle-daosta-dormire-tra-le-montagne-risvegliarsi-nella-natura\/\" >\n\t\t\t\tCamping dans la Vall\u00e9e d&#039;Aoste : dormez en montagne, r\u00e9veillez-vous au c\u0153ur de la nature\t\t\t<\/a>\n\t\t<\/h5>\n\t\t\t\t<div class=\"elementor-post__excerpt\">\n\t\t\t<p>La Vall\u00e9e d&#039;Aoste est bien plus qu&#039;une destination alpine\u00a0: c&#039;est un lieu o\u00f9\u2026<\/p>\n\t\t<\/div>\n\t\t\t\t<\/div>\n\t\t\t\t<\/article>\n\t\t\t\t<article class=\"elementor-post elementor-grid-item post-3455 post type-post status-publish format-standard has-post-thumbnail hentry category-escursioni tag-alpinismo-valle-daosta tag-escursionismo tag-gran-paradiso tag-gran-paradiso-national-park tag-parco-nazionale-gran-paradiso tag-rifugi-valle-daosta tag-rifugio-vittorio-emanuele tag-trekking-valle-daosta tag-valle-daosta\">\n\t\t        <div class=\"twbb-image-container\">\n                        <a class=\"elementor-post__thumbnail__link\" href=\"https:\/\/campinggranparadiso.it\/fr\/dal-rifugio-vittorio-emanuele-alla-vetta-del-gran-paradiso-un-classico-dellalpinismo-italiano\/\" tabindex=\"-1\" >\n                <div class=\"elementor-post__thumbnail\"><img loading=\"lazy\" decoding=\"async\" width=\"600\" height=\"397\" src=\"https:\/\/campinggranparadiso.it\/wp-content\/uploads\/2025\/12\/vittorio-e1768832226340-600x397.jpg\" class=\"attachment-tenweb_optimizer_mobile size-tenweb_optimizer_mobile wp-image-3456\" alt=\"\" srcset=\"https:\/\/campinggranparadiso.it\/wp-content\/uploads\/2025\/12\/vittorio-e1768832226340-600x397.jpg 600w, https:\/\/campinggranparadiso.it\/wp-content\/uploads\/2025\/12\/vittorio-e1768832226340-300x198.jpg 300w, https:\/\/campinggranparadiso.it\/wp-content\/uploads\/2025\/12\/vittorio-e1768832226340-1024x677.jpg 1024w, https:\/\/campinggranparadiso.it\/wp-content\/uploads\/2025\/12\/vittorio-e1768832226340-768x508.jpg 768w, https:\/\/campinggranparadiso.it\/wp-content\/uploads\/2025\/12\/vittorio-e1768832226340-1536x1015.jpg 1536w, https:\/\/campinggranparadiso.it\/wp-content\/uploads\/2025\/12\/vittorio-e1768832226340-18x12.jpg 18w, https:\/\/campinggranparadiso.it\/wp-content\/uploads\/2025\/12\/vittorio-e1768832226340.jpg 1800w\" sizes=\"(max-width: 600px) 100vw, 600px\" \/><\/div>\n            <\/a>\n                    <\/div>\n\t\t\t\t<div class=\"elementor-post__text\">\n\t\t\t\t<h5 class=\"elementor-post__title\">\n\t\t\t<a href=\"https:\/\/campinggranparadiso.it\/fr\/dal-rifugio-vittorio-emanuele-alla-vetta-del-gran-paradiso-un-classico-dellalpinismo-italiano\/\" >\n\t\t\t\tDu refuge Vittorio Emanuele au sommet du Gran Paradiso : un classique de l&#039;alpinisme italien.\t\t\t<\/a>\n\t\t<\/h5>\n\t\t\t\t<div class=\"elementor-post__excerpt\">\n\t\t\t<p>Parmi les itin\u00e9raires les plus c\u00e9l\u00e8bres des Alpes italiennes, l&#039;ascension du Gran Paradiso (4\u00a0061 m) depuis<\/p>\n\t\t<\/div>\n\t\t\t\t<\/div>\n\t\t\t\t<\/article>\n\t\t\t\t<article class=\"elementor-post elementor-grid-item post-3451 post type-post status-publish format-standard has-post-thumbnail hentry category-escursioni tag-alpinismo-valle-daosta tag-gran-paradiso tag-gran-paradiso-national-park tag-parco-nazionale-gran-paradiso tag-rifugio-chabod tag-trekking-valle-daosta tag-valle-daosta\">\n\t\t        <div class=\"twbb-image-container\">\n                        <a class=\"elementor-post__thumbnail__link\" href=\"https:\/\/campinggranparadiso.it\/fr\/verso-la-vetta-dal-rifugio-chabod-al-gran-paradiso-unesperienza-dalta-quota\/\" tabindex=\"-1\" >\n                <div class=\"elementor-post__thumbnail\"><img loading=\"lazy\" decoding=\"async\" width=\"600\" height=\"394\" src=\"https:\/\/campinggranparadiso.it\/wp-content\/uploads\/2025\/12\/chabod-1-e1768831877510-600x394.jpg\" class=\"attachment-tenweb_optimizer_mobile size-tenweb_optimizer_mobile wp-image-3454\" alt=\"\" srcset=\"https:\/\/campinggranparadiso.it\/wp-content\/uploads\/2025\/12\/chabod-1-e1768831877510-600x394.jpg 600w, https:\/\/campinggranparadiso.it\/wp-content\/uploads\/2025\/12\/chabod-1-e1768831877510-300x197.jpg 300w, https:\/\/campinggranparadiso.it\/wp-content\/uploads\/2025\/12\/chabod-1-e1768831877510-1024x672.jpg 1024w, https:\/\/campinggranparadiso.it\/wp-content\/uploads\/2025\/12\/chabod-1-e1768831877510-768x504.jpg 768w, https:\/\/campinggranparadiso.it\/wp-content\/uploads\/2025\/12\/chabod-1-e1768831877510-1536x1008.jpg 1536w, https:\/\/campinggranparadiso.it\/wp-content\/uploads\/2025\/12\/chabod-1-e1768831877510-18x12.jpg 18w, https:\/\/campinggranparadiso.it\/wp-content\/uploads\/2025\/12\/chabod-1-e1768831877510.jpg 1920w\" sizes=\"(max-width: 600px) 100vw, 600px\" \/><\/div>\n            <\/a>\n                    <\/div>\n\t\t\t\t<div class=\"elementor-post__text\">\n\t\t\t\t<h5 class=\"elementor-post__title\">\n\t\t\t<a href=\"https:\/\/campinggranparadiso.it\/fr\/verso-la-vetta-dal-rifugio-chabod-al-gran-paradiso-unesperienza-dalta-quota\/\" >\n\t\t\t\tVers le sommet : du refuge Chabod au Gran Paradiso, une exp\u00e9rience en haute altitude\t\t\t<\/a>\n\t\t<\/h5>\n\t\t\t\t<div class=\"elementor-post__excerpt\">\n\t\t\t<p>Au c\u0153ur de Valsavarenche, nich\u00e9 dans le parc national du Grand Paradis, se trouve le refuge Federico Chabod.<\/p>\n\t\t<\/div>\n\t\t\t\t<\/div>\n\t\t\t\t<\/article>\n\t\t\t\t<article class=\"elementor-post elementor-grid-item post-3443 post type-post status-publish format-standard has-post-thumbnail hentry category-escursioni tag-gran-paradiso tag-gran-paradiso-national-park tag-parco-nazionale-gran-paradiso tag-rifugi-valle-daosta tag-rifugio-sella tag-trekking-valle-daosta\">\n\t\t        <div class=\"twbb-image-container\">\n                        <a class=\"elementor-post__thumbnail__link\" href=\"https:\/\/campinggranparadiso.it\/fr\/tra-due-valli-dal-rifugio-sella-alla-valsavarenche-camminando-nel-cuore-del-gran-paradiso\/\" tabindex=\"-1\" >\n                <div class=\"elementor-post__thumbnail\"><img loading=\"lazy\" decoding=\"async\" width=\"600\" height=\"393\" src=\"https:\/\/campinggranparadiso.it\/wp-content\/uploads\/2025\/12\/sella-3-e1769698646498-600x393.jpg\" class=\"attachment-tenweb_optimizer_mobile size-tenweb_optimizer_mobile wp-image-3449\" alt=\"\" srcset=\"https:\/\/campinggranparadiso.it\/wp-content\/uploads\/2025\/12\/sella-3-e1769698646498-600x393.jpg 600w, https:\/\/campinggranparadiso.it\/wp-content\/uploads\/2025\/12\/sella-3-e1769698646498-300x197.jpg 300w, https:\/\/campinggranparadiso.it\/wp-content\/uploads\/2025\/12\/sella-3-e1769698646498-1024x671.jpg 1024w, https:\/\/campinggranparadiso.it\/wp-content\/uploads\/2025\/12\/sella-3-e1769698646498-768x503.jpg 768w, https:\/\/campinggranparadiso.it\/wp-content\/uploads\/2025\/12\/sella-3-e1769698646498-1536x1006.jpg 1536w, https:\/\/campinggranparadiso.it\/wp-content\/uploads\/2025\/12\/sella-3-e1769698646498-18x12.jpg 18w, https:\/\/campinggranparadiso.it\/wp-content\/uploads\/2025\/12\/sella-3-e1769698646498.jpg 1920w\" sizes=\"(max-width: 600px) 100vw, 600px\" \/><\/div>\n            <\/a>\n                    <\/div>\n\t\t\t\t<div class=\"elementor-post__text\">\n\t\t\t\t<h5 class=\"elementor-post__title\">\n\t\t\t<a href=\"https:\/\/campinggranparadiso.it\/fr\/tra-due-valli-dal-rifugio-sella-alla-valsavarenche-camminando-nel-cuore-del-gran-paradiso\/\" >\n\t\t\t\tEntre deux vall\u00e9es : du refuge de Sella \u00e0 Valsavarenche, en marchant au c\u0153ur du Grand Paradis.\t\t\t<\/a>\n\t\t<\/h5>\n\t\t\t\t<div class=\"elementor-post__excerpt\">\n\t\t\t<p>Situ\u00e9 \u00e0 2 588 m\u00e8tres d&#039;altitude, dans le parc national du Grand Paradis, le refuge Vittorio<\/p>\n\t\t<\/div>\n\t\t\t\t<\/div>\n\t\t\t\t<\/article>\n\t\t\t\t<article class=\"elementor-post elementor-grid-item post-3432 post type-post status-publish format-standard has-post-thumbnail hentry category-escursioni tag-campeggio tag-escursionismo tag-montagna tag-trekking tag-valledaosta\">\n\t\t        <div class=\"twbb-image-container\">\n                        <a class=\"elementor-post__thumbnail__link\" href=\"https:\/\/campinggranparadiso.it\/fr\/frequentazione-della-montagna-equipaggiamento\/\" tabindex=\"-1\" >\n                <div class=\"elementor-post__thumbnail\"><img loading=\"lazy\" decoding=\"async\" width=\"600\" height=\"338\" src=\"https:\/\/campinggranparadiso.it\/wp-content\/uploads\/2025\/04\/E2A7937-1-600x338.jpg\" class=\"attachment-tenweb_optimizer_mobile size-tenweb_optimizer_mobile wp-image-2714\" alt=\"Camping Gran Paradiso\" srcset=\"https:\/\/campinggranparadiso.it\/wp-content\/uploads\/2025\/04\/E2A7937-1-600x338.jpg 600w, https:\/\/campinggranparadiso.it\/wp-content\/uploads\/2025\/04\/E2A7937-1-300x169.jpg 300w, https:\/\/campinggranparadiso.it\/wp-content\/uploads\/2025\/04\/E2A7937-1-1024x576.jpg 1024w, https:\/\/campinggranparadiso.it\/wp-content\/uploads\/2025\/04\/E2A7937-1-768x432.jpg 768w, https:\/\/campinggranparadiso.it\/wp-content\/uploads\/2025\/04\/E2A7937-1-1536x864.jpg 1536w, https:\/\/campinggranparadiso.it\/wp-content\/uploads\/2025\/04\/E2A7937-1.jpg 1920w\" sizes=\"(max-width: 600px) 100vw, 600px\" \/><\/div>\n            <\/a>\n                    <\/div>\n\t\t\t\t<div class=\"elementor-post__text\">\n\t\t\t\t<h5 class=\"elementor-post__title\">\n\t\t\t<a href=\"https:\/\/campinggranparadiso.it\/fr\/frequentazione-della-montagna-equipaggiamento\/\" >\n\t\t\t\tAlpinisme : \u00e9quipement\t\t\t<\/a>\n\t\t<\/h5>\n\t\t\t\t<div class=\"elementor-post__excerpt\">\n\t\t\t<p>Portez des chaussures et des v\u00eatements appropri\u00e9s. Choisissez des bottes montantes \u00e0 semelle bien sculpt\u00e9e.<\/p>\n\t\t<\/div>\n\t\t\t\t<\/div>\n\t\t\t\t<\/article>\n\t\t\t\t<article class=\"elementor-post elementor-grid-item post-3429 post type-post status-publish format-standard has-post-thumbnail hentry category-escursioni tag-campeggio tag-escursionismo tag-montagna tag-trekking tag-valledaosta\">\n\t\t        <div class=\"twbb-image-container\">\n                        <a class=\"elementor-post__thumbnail__link\" href=\"https:\/\/campinggranparadiso.it\/fr\/frequentazione-della-montagna-accompagnamento\/\" tabindex=\"-1\" >\n                <div class=\"elementor-post__thumbnail\"><img loading=\"lazy\" decoding=\"async\" width=\"600\" height=\"338\" src=\"https:\/\/campinggranparadiso.it\/wp-content\/uploads\/2025\/04\/E2A7544-1-600x338.jpg\" class=\"attachment-tenweb_optimizer_mobile size-tenweb_optimizer_mobile wp-image-2703\" alt=\"Camping Gran Paradiso\" srcset=\"https:\/\/campinggranparadiso.it\/wp-content\/uploads\/2025\/04\/E2A7544-1-600x338.jpg 600w, https:\/\/campinggranparadiso.it\/wp-content\/uploads\/2025\/04\/E2A7544-1-300x169.jpg 300w, https:\/\/campinggranparadiso.it\/wp-content\/uploads\/2025\/04\/E2A7544-1-1024x576.jpg 1024w, https:\/\/campinggranparadiso.it\/wp-content\/uploads\/2025\/04\/E2A7544-1-768x432.jpg 768w, https:\/\/campinggranparadiso.it\/wp-content\/uploads\/2025\/04\/E2A7544-1-1536x864.jpg 1536w, https:\/\/campinggranparadiso.it\/wp-content\/uploads\/2025\/04\/E2A7544-1.jpg 1920w\" sizes=\"(max-width: 600px) 100vw, 600px\" \/><\/div>\n            <\/a>\n                    <\/div>\n\t\t\t\t<div class=\"elementor-post__text\">\n\t\t\t\t<h5 class=\"elementor-post__title\">\n\t\t\t<a href=\"https:\/\/campinggranparadiso.it\/fr\/frequentazione-della-montagna-accompagnamento\/\" >\n\t\t\t\tVisiter les montagnes : accompagnement\t\t\t<\/a>\n\t\t<\/h5>\n\t\t\t\t<div class=\"elementor-post__excerpt\">\n\t\t\t<p>N&#039;y allez pas seul, sauf si vous \u00eates un expert. Soyez accompagn\u00e9, surtout avec quelqu&#039;un d&#039;autre.<\/p>\n\t\t<\/div>\n\t\t\t\t<\/div>\n\t\t\t\t<\/article>\n\t\t\t\t<article class=\"elementor-post elementor-grid-item post-3426 post type-post status-publish format-standard has-post-thumbnail hentry category-escursioni tag-campeggio tag-escursionismo tag-montagna tag-trekking tag-valledaosta\">\n\t\t        <div class=\"twbb-image-container\">\n                        <a class=\"elementor-post__thumbnail__link\" href=\"https:\/\/campinggranparadiso.it\/fr\/frequentazione-della-montagna-le-proprie-capacita\/\" tabindex=\"-1\" >\n                <div class=\"elementor-post__thumbnail\"><img loading=\"lazy\" decoding=\"async\" width=\"600\" height=\"338\" src=\"https:\/\/campinggranparadiso.it\/wp-content\/uploads\/2025\/04\/E2A1030-600x338.jpg\" class=\"attachment-tenweb_optimizer_mobile size-tenweb_optimizer_mobile wp-image-2722\" alt=\"Camping Gran Paradiso\" srcset=\"https:\/\/campinggranparadiso.it\/wp-content\/uploads\/2025\/04\/E2A1030-600x338.jpg 600w, https:\/\/campinggranparadiso.it\/wp-content\/uploads\/2025\/04\/E2A1030-300x169.jpg 300w, https:\/\/campinggranparadiso.it\/wp-content\/uploads\/2025\/04\/E2A1030-1024x576.jpg 1024w, https:\/\/campinggranparadiso.it\/wp-content\/uploads\/2025\/04\/E2A1030-768x432.jpg 768w, https:\/\/campinggranparadiso.it\/wp-content\/uploads\/2025\/04\/E2A1030-1536x864.jpg 1536w, https:\/\/campinggranparadiso.it\/wp-content\/uploads\/2025\/04\/E2A1030.jpg 1920w\" sizes=\"(max-width: 600px) 100vw, 600px\" \/><\/div>\n            <\/a>\n                    <\/div>\n\t\t\t\t<div class=\"elementor-post__text\">\n\t\t\t\t<h5 class=\"elementor-post__title\">\n\t\t\t<a href=\"https:\/\/campinggranparadiso.it\/fr\/frequentazione-della-montagna-le-proprie-capacita\/\" >\n\t\t\t\tFr\u00e9quenter les montagnes : ses capacit\u00e9s\t\t\t<\/a>\n\t\t<\/h5>\n\t\t\t\t<div class=\"elementor-post__excerpt\">\n\t\t\t<p>\u00c9valuez vos capacit\u00e9s. Une fois l&#039;itin\u00e9raire analys\u00e9, il est judicieux d&#039;\u00e9valuer votre condition physique et mentale.<\/p>\n\t\t<\/div>\n\t\t\t\t<\/div>\n\t\t\t\t<\/article>\n\t\t\t\t<\/div>\n\t\t\n\t\t\t\t\t\t<\/div>\n\t\t\t\t<\/div>\n\t\t\t\t\t<\/div>\n\t\t\t\t<\/div>\n\t\t\t\t<\/div>","protected":false},"excerpt":{"rendered":"<p>Derniers articles D\u00e9couvrez les diff\u00e9rents contenus sur la montagne.<\/p>","protected":false},"author":2,"featured_media":0,"parent":0,"menu_order":0,"comment_status":"closed","ping_status":"closed","template":"","meta":{"two_page_speed":[],"footnotes":""},"class_list":["post-484","page","type-page","status-publish","hentry"],"_links":{"self":[{"href":"https:\/\/campinggranparadiso.it\/fr\/wp-json\/wp\/v2\/pages\/484","targetHints":{"allow":["GET"]}}],"collection":[{"href":"https:\/\/campinggranparadiso.it\/fr\/wp-json\/wp\/v2\/pages"}],"about":[{"href":"https:\/\/campinggranparadiso.it\/fr\/wp-json\/wp\/v2\/types\/page"}],"author":[{"embeddable":true,"href":"https:\/\/campinggranparadiso.it\/fr\/wp-json\/wp\/v2\/users\/2"}],"replies":[{"embeddable":true,"href":"https:\/\/campinggranparadiso.it\/fr\/wp-json\/wp\/v2\/comments?post=484"}],"version-history":[{"count":0,"href":"https:\/\/campinggranparadiso.it\/fr\/wp-json\/wp\/v2\/pages\/484\/revisions"}],"wp:attachment":[{"href":"https:\/\/campinggranparadiso.it\/fr\/wp-json\/wp\/v2\/media?parent=484"}],"curies":[{"name":"wp","href":"https:\/\/api.w.org\/{rel}","templated":true}]}}