{"id":337,"date":"2025-02-22T18:31:19","date_gmt":"2025-02-22T18:31:19","guid":{"rendered":"https:\/\/campinggranparadiso.it\/?page_id=337"},"modified":"2025-10-23T16:58:18","modified_gmt":"2025-10-23T15:58:18","slug":"servizi","status":"publish","type":"page","link":"https:\/\/campinggranparadiso.it\/fr\/servizi\/","title":{"rendered":"Services"},"content":{"rendered":"<div data-elementor-type=\"wp-page\" data-elementor-id=\"337\" class=\"elementor elementor-337\">\n\t\t\t\t<div class=\"elementor-element elementor-element-239517b4 twbb_section twbb_hero_30 twbb_full_h e-flex e-con-boxed e-con e-parent\" data-id=\"239517b4\" data-element_type=\"container\" data-e-type=\"container\" data-settings=\"{&quot;background_background&quot;:&quot;classic&quot;}\">\n\t\t\t\t\t<div class=\"e-con-inner\">\n\t\t\t\t<div class=\"elementor-element elementor-element-383e0afc elementor-widget__width-initial elementor-widget-mobile__width-inherit elementor-widget-tablet__width-initial twbb-headline--style-highlight elementor-widget elementor-widget-twbbanimated-headline\" data-id=\"383e0afc\" data-element_type=\"widget\" data-e-type=\"widget\" data-settings=\"{&quot;highlighted_text&quot;:&quot;Servizi utili&quot;,&quot;marker&quot;:&quot;underline_zigzag&quot;,&quot;headline_style&quot;:&quot;highlight&quot;}\" data-widget_type=\"twbbanimated-headline.default\">\n\t\t\t\t<div class=\"elementor-widget-container\">\n\t\t\t\t\t    <h1 class=\"twbb-headline\">\n        <span class=\"twbb-headline-dynamic-wrapper twbb-headline-text-wrapper\"><\/span>\n          <span class=\"twbb-headline-plain-text twbb-headline-text-wrapper\"> pour votre s\u00e9jour<\/span>\n        <\/h1>\n    \t\t\t\t<\/div>\n\t\t\t\t<\/div>\n\t\t\t\t<div class=\"elementor-element elementor-element-1574a2d1 elementor-widget__width-initial elementor-widget-mobile__width-inherit elementor-widget-tablet__width-initial elementor-invisible elementor-widget elementor-widget-text-editor\" data-id=\"1574a2d1\" data-element_type=\"widget\" data-e-type=\"widget\" data-settings=\"{&quot;_animation&quot;:&quot;fadeInUp&quot;}\" data-widget_type=\"text-editor.default\">\n\t\t\t\t<div class=\"elementor-widget-container\">\n\t\t\t\t\t\t\t\t\t<p class=\"p1\">Le <span class=\"s1\">Camping Gran Paradiso<\/span> propose diff\u00e9rents services pour rendre vos vacances confortables et agr\u00e9ables.<\/p>\t\t\t\t\t\t\t\t<\/div>\n\t\t\t\t<\/div>\n\t\t<div class=\"elementor-element elementor-element-1fcea426 e-con-full e-flex e-con e-child\" data-id=\"1fcea426\" data-element_type=\"container\" data-e-type=\"container\">\n\t\t\t\t<div class=\"elementor-element elementor-element-5a3c957 elementor-align-right elementor-mobile-align-center elementor-widget elementor-widget-button\" data-id=\"5a3c957\" data-element_type=\"widget\" data-e-type=\"widget\" data-widget_type=\"button.default\">\n\t\t\t\t<div class=\"elementor-widget-container\">\n\t\t\t\t\t\t\t\t\t<div class=\"elementor-button-wrapper\">\n\t\t\t\t\t<a class=\"elementor-button elementor-button-link elementor-size-sm\" href=\"#services\">\n\t\t\t\t\t\t<span class=\"elementor-button-content-wrapper\">\n\t\t\t\t\t\t\t\t\t<span class=\"elementor-button-text\">En savoir plus<\/span>\n\t\t\t\t\t<\/span>\n\t\t\t\t\t<\/a>\n\t\t\t\t<\/div>\n\t\t\t\t\t\t\t\t<\/div>\n\t\t\t\t<\/div>\n\t\t\t\t<\/div>\n\t\t\t\t\t<\/div>\n\t\t\t\t<\/div>\n\t\t<div class=\"elementor-element elementor-element-25cad699 twbb_section twbb_multiple_services_293 e-flex e-con-boxed e-con e-parent\" data-id=\"25cad699\" data-element_type=\"container\" data-e-type=\"container\">\n\t\t\t\t\t<div class=\"e-con-inner\">\n\t\t\t\t<div class=\"elementor-element elementor-element-7bbe379a elementor-widget__width-initial elementor-widget-mobile__width-inherit elementor-widget-tablet__width-initial twbb_cta-button-wrapper-center twbb_cta-valign-align-top twbb_cta-position-image-top twbb_cta-tablet-position-image-top twbb_cta-mobile-position-image-top twbb_cta-button-wrapper-center twbb_cta-button-wrapper-center twbb_cta-position-button-bottom twbb_cta-tablet-position-button-bottom twbb_cta-mobile-position-button-bottom elementor-invisible elementor-widget elementor-widget-twbb_call-to-action\" data-id=\"7bbe379a\" data-element_type=\"widget\" data-e-type=\"widget\" data-settings=\"{&quot;_animation&quot;:&quot;fadeInUp&quot;}\" data-widget_type=\"twbb_call-to-action.default\">\n\t\t\t\t<div class=\"elementor-widget-container\">\n\t\t\t\t\t    <div  class=\"twbb_cta-wrapper twbb_cta-with-icon\">\n                  <div class=\"twbb_cta-icon-wrapper\">\n          <div class=\"elementor-icon-wrapper elementor-view-default\">\n            <div class=\"elementor-icon tenweb-icon\">\n              <svg aria-hidden=\"true\" class=\"e-font-icon-svg e-fas-wine-glass-alt\" viewbox=\"0 0 288 512\" xmlns=\"http:\/\/www.w3.org\/2000\/svg\"><path d=\"M216 464h-40V346.81c68.47-15.89 118.05-79.91 111.4-154.16l-15.95-178.1C270.71 6.31 263.9 0 255.74 0H32.26c-8.15 0-14.97 6.31-15.7 14.55L.6 192.66C-6.05 266.91 43.53 330.93 112 346.82V464H72c-22.09 0-40 17.91-40 40 0 4.42 3.58 8 8 8h208c4.42 0 8-3.58 8-8 0-22.09-17.91-40-40-40zM61.75 48h164.5l7.17 80H54.58l7.17-80z\"><\/path><\/svg>            <\/div>\n          <\/div>\n        <\/div>\n        <div class=\"twbb_cta-content-wrapper\">\n    <div class=\"twbb_cta-content-inner\">\n                <h5 class=\"twbb_cta-title\">Bar et sup\u00e9rette<\/h5>\n                    <div class=\"twbb_cta-description\">\u00c0 l&#039;int\u00e9rieur du camping, vous trouverez un bar avec chemin\u00e9e o\u00f9 vous pourrez discuter, lire un livre ou d\u00e9guster des boissons et des plats qui racontent l&#039;histoire du territoire. Vous y trouverez \u00e9galement une sup\u00e9rette o\u00f9 vous pourrez acheter des produits de premi\u00e8re n\u00e9cessit\u00e9 (fruits, l\u00e9gumes et viande non disponibles) et des souvenirs.<\/div>\n              <\/div>\n    <div class=\"twbb_cta-button-wrapper\">\n        <div class=\"twbb_cta-buttons\">\n                        <\/div>\n    <\/div>\n  <\/div>\n        <\/div>\n\t\t\t\t<\/div>\n\t\t\t\t<\/div>\n\t\t\t\t<div class=\"elementor-element elementor-element-56c0b86d elementor-widget__width-initial elementor-widget-mobile__width-inherit elementor-widget-tablet__width-initial twbb_cta-button-wrapper-center twbb_cta-valign-align-top twbb_cta-position-image-top twbb_cta-tablet-position-image-top twbb_cta-mobile-position-image-top twbb_cta-button-wrapper-center twbb_cta-button-wrapper-center twbb_cta-position-button-bottom twbb_cta-tablet-position-button-bottom twbb_cta-mobile-position-button-bottom elementor-invisible elementor-widget elementor-widget-twbb_call-to-action\" data-id=\"56c0b86d\" data-element_type=\"widget\" data-e-type=\"widget\" data-settings=\"{&quot;_animation&quot;:&quot;fadeInUp&quot;}\" data-widget_type=\"twbb_call-to-action.default\">\n\t\t\t\t<div class=\"elementor-widget-container\">\n\t\t\t\t\t    <div  class=\"twbb_cta-wrapper twbb_cta-with-icon\">\n                  <div class=\"twbb_cta-icon-wrapper\">\n          <div class=\"elementor-icon-wrapper elementor-view-default\">\n            <div class=\"elementor-icon tenweb-icon\">\n              <svg aria-hidden=\"true\" class=\"e-font-icon-svg e-fas-table-tennis\" viewbox=\"0 0 512 512\" xmlns=\"http:\/\/www.w3.org\/2000\/svg\"><path d=\"M496.2 296.5C527.7 218.7 512 126.2 449 63.1 365.1-21 229-21 145.1 63.1l-56 56.1 211.5 211.5c46.1-62.1 131.5-77.4 195.6-34.2zm-217.9 79.7L57.9 155.9c-27.3 45.3-21.7 105 17.3 144.1l34.5 34.6L6.7 424c-8.6 7.5-9.1 20.7-1 28.8l53.4 53.5c8 8.1 21.2 7.6 28.7-1L177.1 402l35.7 35.7c19.7 19.7 44.6 30.5 70.3 33.3-7.1-17-11-35.6-11-55.1-.1-13.8 2.5-27 6.2-39.7zM416 320c-53 0-96 43-96 96s43 96 96 96 96-43 96-96-43-96-96-96z\"><\/path><\/svg>            <\/div>\n          <\/div>\n        <\/div>\n        <div class=\"twbb_cta-content-wrapper\">\n    <div class=\"twbb_cta-content-inner\">\n                <h5 class=\"twbb_cta-title\">Aire de jeux pour enfants<\/h5>\n                    <div class=\"twbb_cta-description\">A l&#039;int\u00e9rieur du camping se trouvent une aire de jeux, un terrain de boules et un espace couvert pour les jeux de soci\u00e9t\u00e9 tels que le ping-pong et le baby-foot. \u00catre immerg\u00e9 dans la nature offre enfin aux enfants la possibilit\u00e9 de s&#039;adonner \u00e0 des jeux d&#039;imagination, de d\u00e9couverte et d&#039;habilet\u00e9 manuelle.<\/div>\n              <\/div>\n    <div class=\"twbb_cta-button-wrapper\">\n        <div class=\"twbb_cta-buttons\">\n                        <\/div>\n    <\/div>\n  <\/div>\n        <\/div>\n\t\t\t\t<\/div>\n\t\t\t\t<\/div>\n\t\t\t\t<div class=\"elementor-element elementor-element-6c733b7c elementor-widget__width-initial elementor-widget-mobile__width-inherit elementor-widget-tablet__width-initial twbb_cta-button-wrapper-center twbb_cta-valign-align-top twbb_cta-position-image-top twbb_cta-tablet-position-image-top twbb_cta-mobile-position-image-top twbb_cta-button-wrapper-center twbb_cta-button-wrapper-center twbb_cta-position-button-bottom twbb_cta-tablet-position-button-bottom twbb_cta-mobile-position-button-bottom elementor-invisible elementor-widget elementor-widget-twbb_call-to-action\" data-id=\"6c733b7c\" data-element_type=\"widget\" data-e-type=\"widget\" data-settings=\"{&quot;_animation&quot;:&quot;fadeInUp&quot;}\" data-widget_type=\"twbb_call-to-action.default\">\n\t\t\t\t<div class=\"elementor-widget-container\">\n\t\t\t\t\t    <div  class=\"twbb_cta-wrapper twbb_cta-with-icon\">\n                  <div class=\"twbb_cta-icon-wrapper\">\n          <div class=\"elementor-icon-wrapper elementor-view-default\">\n            <div class=\"elementor-icon tenweb-icon\">\n              <svg aria-hidden=\"true\" class=\"e-font-icon-svg e-fas-mountain\" viewbox=\"0 0 640 512\" xmlns=\"http:\/\/www.w3.org\/2000\/svg\"><path d=\"M634.92 462.7l-288-448C341.03 5.54 330.89 0 320 0s-21.03 5.54-26.92 14.7l-288 448a32.001 32.001 0 0 0-1.17 32.64A32.004 32.004 0 0 0 32 512h576c11.71 0 22.48-6.39 28.09-16.67a31.983 31.983 0 0 0-1.17-32.63zM320 91.18L405.39 224H320l-64 64-38.06-38.06L320 91.18z\"><\/path><\/svg>            <\/div>\n          <\/div>\n        <\/div>\n        <div class=\"twbb_cta-content-wrapper\">\n    <div class=\"twbb_cta-content-inner\">\n                <h5 class=\"twbb_cta-title\">Location de mat\u00e9riel<\/h5>\n                    <div class=\"twbb_cta-description\">Pour les passionn\u00e9s de montagne, nous proposons la location de mat\u00e9riel d&#039;alpinisme indispensable, notamment des crampons et des chaussures de randonn\u00e9e. Soyez bien \u00e9quip\u00e9 pour vos aventures dans le parc, avec du mat\u00e9riel de qualit\u00e9 disponible directement sur place.<\/div>\n              <\/div>\n    <div class=\"twbb_cta-button-wrapper\">\n        <div class=\"twbb_cta-buttons\">\n                        <\/div>\n    <\/div>\n  <\/div>\n        <\/div>\n\t\t\t\t<\/div>\n\t\t\t\t<\/div>\n\t\t\t\t<div class=\"elementor-element elementor-element-2d04253d elementor-widget__width-initial elementor-widget-mobile__width-inherit elementor-widget-tablet__width-initial twbb_cta-button-wrapper-center twbb_cta-valign-align-top twbb_cta-position-image-top twbb_cta-tablet-position-image-top twbb_cta-mobile-position-image-top twbb_cta-button-wrapper-center twbb_cta-button-wrapper-center twbb_cta-position-button-bottom twbb_cta-tablet-position-button-bottom twbb_cta-mobile-position-button-bottom elementor-invisible elementor-widget elementor-widget-twbb_call-to-action\" data-id=\"2d04253d\" data-element_type=\"widget\" data-e-type=\"widget\" data-settings=\"{&quot;_animation&quot;:&quot;fadeInUp&quot;}\" data-widget_type=\"twbb_call-to-action.default\">\n\t\t\t\t<div class=\"elementor-widget-container\">\n\t\t\t\t\t    <div  class=\"twbb_cta-wrapper twbb_cta-with-icon\">\n                  <div class=\"twbb_cta-icon-wrapper\">\n          <div class=\"elementor-icon-wrapper elementor-view-default\">\n            <div class=\"elementor-icon tenweb-icon\">\n              <svg aria-hidden=\"true\" class=\"e-font-icon-svg e-fas-fire\" viewbox=\"0 0 384 512\" xmlns=\"http:\/\/www.w3.org\/2000\/svg\"><path d=\"M216 23.86c0-23.8-30.65-32.77-44.15-13.04C48 191.85 224 200 224 288c0 35.63-29.11 64.46-64.85 63.99-35.17-.45-63.15-29.77-63.15-64.94v-85.51c0-21.7-26.47-32.23-41.43-16.5C27.8 213.16 0 261.33 0 320c0 105.87 86.13 192 192 192s192-86.13 192-192c0-170.29-168-193-168-296.14z\"><\/path><\/svg>            <\/div>\n          <\/div>\n        <\/div>\n        <div class=\"twbb_cta-content-wrapper\">\n    <div class=\"twbb_cta-content-inner\">\n                <h5 class=\"twbb_cta-title\">Espace barbecue<\/h5>\n                    <div class=\"twbb_cta-description\">Dans diff\u00e9rentes zones du camping, vous trouverez des barbecues en pierre o\u00f9 vous pourrez organiser votre propre barbecue, avec la possibilit\u00e9 d&#039;utiliser des pierres ollaires naturelles pour d\u00e9couvrir une m\u00e9thode de cuisson intemporelle. Les espaces barbecue deviennent des lieux conviviaux o\u00f9 vous pourrez passer d&#039;agr\u00e9ables moments avec de vieux et de nouveaux amis. <\/div>\n              <\/div>\n    <div class=\"twbb_cta-button-wrapper\">\n        <div class=\"twbb_cta-buttons\">\n                        <\/div>\n    <\/div>\n  <\/div>\n        <\/div>\n\t\t\t\t<\/div>\n\t\t\t\t<\/div>\n\t\t\t\t\t<\/div>\n\t\t\t\t<\/div>\n\t\t<div class=\"elementor-element elementor-element-217d1325 twbb_section twbb_multiple_services_252 e-flex e-con-boxed e-con e-parent\" data-id=\"217d1325\" data-element_type=\"container\" data-e-type=\"container\" data-settings=\"{&quot;background_background&quot;:&quot;classic&quot;}\">\n\t\t\t\t\t<div class=\"e-con-inner\">\n\t\t<div class=\"elementor-element elementor-element-5fa8fe6f e-con-full e-flex e-con e-child\" data-id=\"5fa8fe6f\" data-element_type=\"container\" data-e-type=\"container\">\n\t\t\t\t<div class=\"elementor-element elementor-element-163fc127 elementor-widget__width-initial elementor-widget-mobile__width-inherit elementor-widget-tablet__width-initial elementor-invisible elementor-widget elementor-widget-heading\" data-id=\"163fc127\" data-element_type=\"widget\" data-e-type=\"widget\" data-settings=\"{&quot;_animation&quot;:&quot;fadeInUp&quot;}\" data-widget_type=\"heading.default\">\n\t\t\t\t<div class=\"elementor-widget-container\">\n\t\t\t\t\t<h2 class=\"elementor-heading-title elementor-size-default\">Notre \u00e9quipe se fera un plaisir de vous accompagner<\/h2>\t\t\t\t<\/div>\n\t\t\t\t<\/div>\n\t\t\t\t<div class=\"elementor-element elementor-element-22091498 elementor-widget__width-initial elementor-widget-mobile__width-inherit elementor-widget-tablet__width-initial elementor-invisible elementor-widget elementor-widget-text-editor\" data-id=\"22091498\" data-element_type=\"widget\" data-e-type=\"widget\" data-settings=\"{&quot;_animation&quot;:&quot;fadeInUp&quot;}\" data-widget_type=\"text-editor.default\">\n\t\t\t\t<div class=\"elementor-widget-container\">\n\t\t\t\t\t\t\t\t\t<p>Au Camping Gran Paradiso, nous nous engageons \u00e0 rendre votre s\u00e9jour le plus confortable possible. Nous vous proposons diff\u00e9rents services pour des vacances reposantes et de qualit\u00e9.<\/p>\t\t\t\t\t\t\t\t<\/div>\n\t\t\t\t<\/div>\n\t\t\t\t<\/div>\n\t\t\t\t\t<\/div>\n\t\t\t\t<\/div>\n\t\t<div class=\"elementor-element elementor-element-cacb0b7 twbb_section e-grid e-con-boxed e-con e-parent\" data-id=\"cacb0b7\" data-element_type=\"container\" data-e-type=\"container\" data-settings=\"{&quot;background_background&quot;:&quot;classic&quot;}\">\n\t\t\t\t\t<div class=\"e-con-inner\">\n\t\t\t\t<div class=\"elementor-element elementor-element-9191549 elementor-widget__width-initial elementor-widget-mobile__width-inherit elementor-widget-tablet__width-initial elementor-view-default elementor-position-block-start elementor-mobile-position-block-start elementor-widget elementor-widget-icon-box\" data-id=\"9191549\" data-element_type=\"widget\" data-e-type=\"widget\" data-widget_type=\"icon-box.default\">\n\t\t\t\t<div class=\"elementor-widget-container\">\n\t\t\t\t\t\t\t<div class=\"elementor-icon-box-wrapper\">\n\n\t\t\t\t\t\t<div class=\"elementor-icon-box-icon\">\n\t\t\t\t<span  class=\"elementor-icon\">\n\t\t\t\t<svg aria-hidden=\"true\" class=\"e-font-icon-svg e-fas-caravan\" viewbox=\"0 0 640 512\" xmlns=\"http:\/\/www.w3.org\/2000\/svg\"><path d=\"M416,208a16,16,0,1,0,16,16A16,16,0,0,0,416,208ZM624,320H576V160A160,160,0,0,0,416,0H64A64,64,0,0,0,0,64V320a64,64,0,0,0,64,64H96a96,96,0,0,0,192,0H624a16,16,0,0,0,16-16V336A16,16,0,0,0,624,320ZM192,432a48,48,0,1,1,48-48A48.05,48.05,0,0,1,192,432Zm64-240a32,32,0,0,1-32,32H96a32,32,0,0,1-32-32V128A32,32,0,0,1,96,96H224a32,32,0,0,1,32,32ZM448,320H320V128a32,32,0,0,1,32-32h64a32,32,0,0,1,32,32Z\"><\/path><\/svg>\t\t\t\t<\/span>\n\t\t\t<\/div>\n\t\t\t\n\t\t\t\t\t\t<div class=\"elementor-icon-box-content\">\n\n\t\t\t\t\t\t\t\t\t<h3 class=\"elementor-icon-box-title\">\n\t\t\t\t\t\t<span  >\n\t\t\t\t\t\t\tService de camping-car\t\t\t\t\t\t<\/span>\n\t\t\t\t\t<\/h3>\n\t\t\t\t\n\t\t\t\t\t\t\t\t\t<p class=\"elementor-icon-box-description\">\n\t\t\t\t\t\tService de vidange d&#039;eau et de chargement d&#039;eau potable, disponible gratuitement.\t\t\t\t\t<\/p>\n\t\t\t\t\n\t\t\t<\/div>\n\t\t\t\n\t\t<\/div>\n\t\t\t\t\t\t<\/div>\n\t\t\t\t<\/div>\n\t\t\t\t<div class=\"elementor-element elementor-element-0ced18a elementor-widget__width-initial elementor-widget-mobile__width-inherit elementor-widget-tablet__width-initial elementor-view-default elementor-position-block-start elementor-mobile-position-block-start elementor-widget elementor-widget-icon-box\" data-id=\"0ced18a\" data-element_type=\"widget\" data-e-type=\"widget\" data-widget_type=\"icon-box.default\">\n\t\t\t\t<div class=\"elementor-widget-container\">\n\t\t\t\t\t\t\t<div class=\"elementor-icon-box-wrapper\">\n\n\t\t\t\t\t\t<div class=\"elementor-icon-box-icon\">\n\t\t\t\t<span  class=\"elementor-icon\">\n\t\t\t\t<svg aria-hidden=\"true\" class=\"e-font-icon-svg e-fas-wifi\" viewbox=\"0 0 640 512\" xmlns=\"http:\/\/www.w3.org\/2000\/svg\"><path d=\"M634.91 154.88C457.74-8.99 182.19-8.93 5.09 154.88c-6.66 6.16-6.79 16.59-.35 22.98l34.24 33.97c6.14 6.1 16.02 6.23 22.4.38 145.92-133.68 371.3-133.71 517.25 0 6.38 5.85 16.26 5.71 22.4-.38l34.24-33.97c6.43-6.39 6.3-16.82-.36-22.98zM320 352c-35.35 0-64 28.65-64 64s28.65 64 64 64 64-28.65 64-64-28.65-64-64-64zm202.67-83.59c-115.26-101.93-290.21-101.82-405.34 0-6.9 6.1-7.12 16.69-.57 23.15l34.44 33.99c6 5.92 15.66 6.32 22.05.8 83.95-72.57 209.74-72.41 293.49 0 6.39 5.52 16.05 5.13 22.05-.8l34.44-33.99c6.56-6.46 6.33-17.06-.56-23.15z\"><\/path><\/svg>\t\t\t\t<\/span>\n\t\t\t<\/div>\n\t\t\t\n\t\t\t\t\t\t<div class=\"elementor-icon-box-content\">\n\n\t\t\t\t\t\t\t\t\t<h3 class=\"elementor-icon-box-title\">\n\t\t\t\t\t\t<span  >\n\t\t\t\t\t\t\tWi-Fi gratuit\t\t\t\t\t\t<\/span>\n\t\t\t\t\t<\/h3>\n\t\t\t\t\n\t\t\t\t\t\t\t\t\t<p class=\"elementor-icon-box-description\">\n\t\t\t\t\t\tConnexion disponible dans l&#039;espace commun du camping.\t\t\t\t\t<\/p>\n\t\t\t\t\n\t\t\t<\/div>\n\t\t\t\n\t\t<\/div>\n\t\t\t\t\t\t<\/div>\n\t\t\t\t<\/div>\n\t\t\t\t<div class=\"elementor-element elementor-element-bad7c44 elementor-widget__width-initial elementor-widget-mobile__width-inherit elementor-widget-tablet__width-initial elementor-view-default elementor-position-block-start elementor-mobile-position-block-start elementor-widget elementor-widget-icon-box\" data-id=\"bad7c44\" data-element_type=\"widget\" data-e-type=\"widget\" data-widget_type=\"icon-box.default\">\n\t\t\t\t<div class=\"elementor-widget-container\">\n\t\t\t\t\t\t\t<div class=\"elementor-icon-box-wrapper\">\n\n\t\t\t\t\t\t<div class=\"elementor-icon-box-icon\">\n\t\t\t\t<span  class=\"elementor-icon\">\n\t\t\t\t<svg aria-hidden=\"true\" class=\"e-font-icon-svg e-fas-soap\" viewbox=\"0 0 512 512\" xmlns=\"http:\/\/www.w3.org\/2000\/svg\"><path d=\"M416,192a95.42,95.42,0,0,1-30.94,70.21A95.8,95.8,0,0,1,352,448H160a96,96,0,0,1,0-192h88.91A95.3,95.3,0,0,1,224,192H96A96,96,0,0,0,0,288V416a96,96,0,0,0,96,96H416a96,96,0,0,0,96-96V288A96,96,0,0,0,416,192Zm-96,64a64,64,0,1,0-64-64A64,64,0,0,0,320,256ZM208,96a48,48,0,1,0-48-48A48,48,0,0,0,208,96ZM384,64a32,32,0,1,0-32-32A32,32,0,0,0,384,64ZM160,288a64,64,0,0,0,0,128H352a64,64,0,0,0,0-128Z\"><\/path><\/svg>\t\t\t\t<\/span>\n\t\t\t<\/div>\n\t\t\t\n\t\t\t\t\t\t<div class=\"elementor-icon-box-content\">\n\n\t\t\t\t\t\t\t\t\t<h3 class=\"elementor-icon-box-title\">\n\t\t\t\t\t\t<span  >\n\t\t\t\t\t\t\tLessive\t\t\t\t\t\t<\/span>\n\t\t\t\t\t<\/h3>\n\t\t\t\t\n\t\t\t\t\t\t\t\t\t<p class=\"elementor-icon-box-description\">\n\t\t\t\t\t\tMachine \u00e0 laver toujours accessible pour votre confort.\t\t\t\t\t<\/p>\n\t\t\t\t\n\t\t\t<\/div>\n\t\t\t\n\t\t<\/div>\n\t\t\t\t\t\t<\/div>\n\t\t\t\t<\/div>\n\t\t\t\t<div class=\"elementor-element elementor-element-63d4e7a elementor-widget__width-initial elementor-widget-mobile__width-inherit elementor-widget-tablet__width-initial elementor-view-default elementor-position-block-start elementor-mobile-position-block-start elementor-widget elementor-widget-icon-box\" data-id=\"63d4e7a\" data-element_type=\"widget\" data-e-type=\"widget\" data-widget_type=\"icon-box.default\">\n\t\t\t\t<div class=\"elementor-widget-container\">\n\t\t\t\t\t\t\t<div class=\"elementor-icon-box-wrapper\">\n\n\t\t\t\t\t\t<div class=\"elementor-icon-box-icon\">\n\t\t\t\t<span  class=\"elementor-icon\">\n\t\t\t\t<svg aria-hidden=\"true\" class=\"e-font-icon-svg e-fas-gas-pump\" viewbox=\"0 0 512 512\" xmlns=\"http:\/\/www.w3.org\/2000\/svg\"><path d=\"M336 448H16c-8.8 0-16 7.2-16 16v32c0 8.8 7.2 16 16 16h320c8.8 0 16-7.2 16-16v-32c0-8.8-7.2-16-16-16zm157.2-340.7l-81-81c-6.2-6.2-16.4-6.2-22.6 0l-11.3 11.3c-6.2 6.2-6.2 16.4 0 22.6L416 97.9V160c0 28.1 20.9 51.3 48 55.2V376c0 13.2-10.8 24-24 24s-24-10.8-24-24v-32c0-48.6-39.4-88-88-88h-8V64c0-35.3-28.7-64-64-64H96C60.7 0 32 28.7 32 64v352h288V304h8c22.1 0 40 17.9 40 40v27.8c0 37.7 27 72 64.5 75.9 43 4.3 79.5-29.5 79.5-71.7V152.6c0-17-6.8-33.3-18.8-45.3zM256 192H96V64h160v128z\"><\/path><\/svg>\t\t\t\t<\/span>\n\t\t\t<\/div>\n\t\t\t\n\t\t\t\t\t\t<div class=\"elementor-icon-box-content\">\n\n\t\t\t\t\t\t\t\t\t<h3 class=\"elementor-icon-box-title\">\n\t\t\t\t\t\t<span  >\n\t\t\t\t\t\t\tRavitaillement en gaz\t\t\t\t\t\t<\/span>\n\t\t\t\t\t<\/h3>\n\t\t\t\t\n\t\t\t\t\t\t\t\t\t<p class=\"elementor-icon-box-description\">\n\t\t\t\t\t\tService de remplissage de bouteilles disponible directement \u00e0 l&#039;\u00e9tablissement.\t\t\t\t\t<\/p>\n\t\t\t\t\n\t\t\t<\/div>\n\t\t\t\n\t\t<\/div>\n\t\t\t\t\t\t<\/div>\n\t\t\t\t<\/div>\n\t\t\t\t\t<\/div>\n\t\t\t\t<\/div>\n\t\t\t\t<\/div>","protected":false},"excerpt":{"rendered":"<p>per il tuo soggiorno Il Camping Gran Paradiso offre differenti servizi per rendere la tua vacanza confortevole e piacevole. Scopri di pi\u00f9 Bar &#038; Minimarket All\u2019interno del campeggio \u00e8 presente un bar con camino dove incontrarsi per chiacchierare, leggere un libro o degustare bevande e pietanze che raccontano il territorio. Nel bar \u00e8 presente anche [&hellip;]<\/p>\n","protected":false},"author":2,"featured_media":0,"parent":0,"menu_order":0,"comment_status":"closed","ping_status":"closed","template":"","meta":{"two_page_speed":[],"footnotes":""},"class_list":["post-337","page","type-page","status-publish","hentry"],"_links":{"self":[{"href":"https:\/\/campinggranparadiso.it\/fr\/wp-json\/wp\/v2\/pages\/337","targetHints":{"allow":["GET"]}}],"collection":[{"href":"https:\/\/campinggranparadiso.it\/fr\/wp-json\/wp\/v2\/pages"}],"about":[{"href":"https:\/\/campinggranparadiso.it\/fr\/wp-json\/wp\/v2\/types\/page"}],"author":[{"embeddable":true,"href":"https:\/\/campinggranparadiso.it\/fr\/wp-json\/wp\/v2\/users\/2"}],"replies":[{"embeddable":true,"href":"https:\/\/campinggranparadiso.it\/fr\/wp-json\/wp\/v2\/comments?post=337"}],"version-history":[{"count":0,"href":"https:\/\/campinggranparadiso.it\/fr\/wp-json\/wp\/v2\/pages\/337\/revisions"}],"wp:attachment":[{"href":"https:\/\/campinggranparadiso.it\/fr\/wp-json\/wp\/v2\/media?parent=337"}],"curies":[{"name":"wp","href":"https:\/\/api.w.org\/{rel}","templated":true}]}}