{"id":2616,"date":"2025-04-13T13:50:05","date_gmt":"2025-04-13T12:50:05","guid":{"rendered":"https:\/\/campinggranparadiso.it\/?page_id=2616"},"modified":"2025-04-13T13:51:15","modified_gmt":"2025-04-13T12:51:15","slug":"privacy-policy","status":"publish","type":"page","link":"https:\/\/campinggranparadiso.it\/fr\/privacy-policy\/","title":{"rendered":"politique de confidentialit\u00e9"},"content":{"rendered":"<div data-elementor-type=\"wp-page\" data-elementor-id=\"2616\" class=\"elementor elementor-2616\">\n\t\t\t\t<div class=\"elementor-element elementor-element-ih7zrzx1 twbb_section e-flex e-con-boxed e-con e-parent\" data-id=\"ih7zrzx1\" data-element_type=\"container\" data-e-type=\"container\" id=\"discover-gran-paradiso\" data-settings=\"{&quot;background_background&quot;:&quot;classic&quot;}\">\n\t\t\t\t\t<div class=\"e-con-inner\">\n\t\t\t\t<div class=\"elementor-element elementor-element-x9xpn5o8 elementor-widget__width-initial elementor-widget-mobile__width-inherit elementor-widget-tablet__width-initial elementor-invisible elementor-widget elementor-widget-heading\" data-id=\"x9xpn5o8\" data-element_type=\"widget\" data-e-type=\"widget\" data-settings=\"{&quot;_animation&quot;:&quot;fadeInUp&quot;}\" data-widget_type=\"heading.default\">\n\t\t\t\t<div class=\"elementor-widget-container\">\n\t\t\t\t\t<h2 class=\"elementor-heading-title elementor-size-default\">politique de confidentialit\u00e9<\/h2>\t\t\t\t<\/div>\n\t\t\t\t<\/div>\n\t\t\t\t<div class=\"elementor-element elementor-element-inxbj3c2 elementor-widget__width-initial elementor-widget-mobile__width-inherit elementor-widget-tablet__width-initial elementor-invisible elementor-widget elementor-widget-text-editor\" data-id=\"inxbj3c2\" data-element_type=\"widget\" data-e-type=\"widget\" data-settings=\"{&quot;_animation&quot;:&quot;fadeInUp&quot;}\" data-widget_type=\"text-editor.default\">\n\t\t\t\t<div class=\"elementor-widget-container\">\n\t\t\t\t\t\t\t\t\t<p>Le Camping Gran Paradiso se soucie de la transparence et de la s\u00e9curit\u00e9 de vos donn\u00e9es. Pour cette raison, une section du site www.campinggranparadiso.it a \u00e9t\u00e9 consacr\u00e9e \u00e0 la confidentialit\u00e9 : ici, sont d\u00e9crits les modalit\u00e9s de collecte et les traitements qui seront effectu\u00e9s avec vos donn\u00e9es.<\/p>\t\t\t\t\t\t\t\t<\/div>\n\t\t\t\t<\/div>\n\t\t\t\t\t<\/div>\n\t\t\t\t<\/div>\n\t\t<div class=\"elementor-element elementor-element-fd41bab e-flex e-con-boxed e-con e-parent\" data-id=\"fd41bab\" data-element_type=\"container\" data-e-type=\"container\">\n\t\t\t\t\t<div class=\"e-con-inner\">\n\t\t\t\t<div class=\"elementor-element elementor-element-cac1fa0 elementor-widget elementor-widget-text-editor\" data-id=\"cac1fa0\" data-element_type=\"widget\" data-e-type=\"widget\" data-widget_type=\"text-editor.default\">\n\t\t\t\t<div class=\"elementor-widget-container\">\n\t\t\t\t\t\t\t\t\t<p>INFORMATIONS SUR LE TRAITEMENT DES DONN\u00c9ES PERSONNELLES<\/p><p>Camping Gran Paradiso, en tant que Responsable du traitement (ci-apr\u00e8s \u00ab Responsable du traitement \u00bb), vous informe conform\u00e9ment \u00e0 l&#039;art. 13 D\u00e9cret l\u00e9gislatif 196\/2003 (ci-apr\u00e8s \u00ab Code de confidentialit\u00e9 \u00bb) et art. 13 R\u00e8glement UE 679\/2016 (ci-apr\u00e8s \u00ab RGPD \u00bb) que vos donn\u00e9es personnelles fournies en envoyant des demandes d&#039;informations par e-mail et\/ou par t\u00e9l\u00e9phone afin de satisfaire vos demandes seront trait\u00e9es comme suit :<\/p><p>Les donn\u00e9es personnelles que vous fournissez au Responsable du traitement font l\u2019objet d\u2019un traitement \u00e9lectronique et papier. Par \u00ab traitement \u00bb, nous entendons la collecte, l\u2019enregistrement, l\u2019organisation, le stockage, la consultation, le traitement, la modification, la s\u00e9lection, l\u2019extraction, la comparaison, l\u2019utilisation, l\u2019interconnexion, le blocage, la communication, l\u2019annulation et la destruction des donn\u00e9es (art. 4 Code de confidentialit\u00e9 et art. 4 co. 2 RGPD).<\/p><p>Les donn\u00e9es, collect\u00e9es par l&#039;envoi volontaire, libre et explicite par l&#039;int\u00e9ress\u00e9 de courriers par courrier \u00e9lectronique et postal ; en contactant l&#039;\u00e9tablissement par t\u00e9l\u00e9phone, elles serviront \u00e0 r\u00e9pondre \u00e0 vos demandes. La dur\u00e9e de leur traitement sera jusqu&#039;\u00e0 ce que la demande soit satisfaite et elles pourront \u00eatre trait\u00e9es par des personnes d\u00e9sign\u00e9es par le titulaire telles que les \u00e9ventuels responsables internes et externes, formellement nomm\u00e9s sous-traitants de donn\u00e9es.<\/p><p><br \/>La liste des personnes autoris\u00e9es \u00e0 traiter vos donn\u00e9es personnelles est conserv\u00e9e et peut \u00eatre consult\u00e9e, sur demande \u00e9crite \u00e0 adresser au Responsable du traitement par courrier \u00e9lectronique adress\u00e9 \u00e0 campgranparadisovalsavarenche@gmail.com ou par lettre recommand\u00e9e avec accus\u00e9 de r\u00e9ception (rrr) adress\u00e9e au si\u00e8ge du Responsable du traitement.<\/p><p>Donn\u00e9es fournies volontairement par l&#039;int\u00e9ress\u00e9<\/p><p>Si l&#039;utilisateur fournit des donn\u00e9es suppl\u00e9mentaires en plus de celles explicitement demand\u00e9es par courrier \u00e9lectronique et\/ou par courrier, elles seront acquises et trait\u00e9es dans le plein respect de la loi et si elles d\u00e9passent les finalit\u00e9s du traitement, elles seront supprim\u00e9es.<\/p><p>Pour des prestations particuli\u00e8res sur demande, des informations r\u00e9capitulatives sp\u00e9cifiques seront fournies.<\/p><p>Communication \u00e0 des tiers et cat\u00e9gories de destinataires (art. 13, 1er alin\u00e9a RGPD)<\/p><p>Vos donn\u00e9es ne seront pas transmises \u00e0 des tiers.<\/p><p>Renouvellement de la politique de confidentialit\u00e9<\/p><p>Tout traitement de donn\u00e9es au-del\u00e0 de la dur\u00e9e de conservation pr\u00e9vue donnera lieu \u00e0 l&#039;envoi d&#039;une nouvelle notification, qui signalera et pr\u00e9cisera le type de donn\u00e9es collect\u00e9es, le traitement qui sera effectu\u00e9, la dur\u00e9e de conservation des donn\u00e9es et l&#039;indication des tiers auxquels vos donn\u00e9es pourront \u00eatre transmises.<\/p><p>DROITS DE LA PARTIE INT\u00c9RESS\u00c9E<\/p><p>En votre qualit\u00e9 de partie int\u00e9ress\u00e9e, vous b\u00e9n\u00e9ficiez des droits \u00e9nonc\u00e9s \u00e0 l&#039;art. 7 Code de confidentialit\u00e9 et art. 15 RGPD.<\/p><p>Le cas \u00e9ch\u00e9ant, vous pouvez exercer les droits pr\u00e9vus aux articles 16 \u00e0 21 du RGPD (droit \u00e0 : rectification, limitation du traitement, opposition, droit \u00e0 la portabilit\u00e9 et \u00e0 l&#039;oubli).<\/p><p>TYPES DE DONN\u00c9ES TRAIT\u00c9ES<\/p><p>DONN\u00c9ES DE NAVIGATION<\/p><p>Les syst\u00e8mes informatiques et les proc\u00e9dures logicielles utilis\u00e9s pour faire fonctionner le site www.campinggranparadiso.it acqui\u00e8rent au cours de leur fonctionnement normal certaines donn\u00e9es personnelles, dont la transmission est implicite dans l&#039;utilisation des protocoles de communication Internet. Ces informations ne sont pas collect\u00e9es pour associer les int\u00e9ress\u00e9s et les identifier, mais, de par leur nature, pourraient permettre l&#039;identification de l&#039;utilisateur \u00e0 travers des traitements, des associations et des croisements avec des donn\u00e9es d\u00e9tenues par le Responsable du traitement et des tiers.<\/p><p>Cette cat\u00e9gorie comprend : les adresses IP, les noms de domaine des ordinateurs auxquels acc\u00e8dent les utilisateurs, les adresses URI (Uniform Resource Identifier) des ressources demand\u00e9es et leur heure, la m\u00e9thode utilis\u00e9e pour soumettre la demande au serveur, la taille du fichier obtenu en r\u00e9ponse, le code num\u00e9rique indiquant l&#039;\u00e9tat de la r\u00e9ponse du serveur de donn\u00e9es (r\u00e9ussite, erreur, etc.) et des param\u00e8tres suppl\u00e9mentaires du syst\u00e8me d&#039;exploitation et de l&#039;environnement informatique de l&#039;utilisateur.<\/p><p>Les donn\u00e9es ainsi collect\u00e9es sont anonymes et sont utilis\u00e9es dans le seul but d&#039;obtenir des statistiques anonymes sur l&#039;utilisation du site et de v\u00e9rifier son bon fonctionnement. Ce type de donn\u00e9es est supprim\u00e9 imm\u00e9diatement apr\u00e8s traitement. Ces donn\u00e9es pourraient \u00eatre utilis\u00e9es \u00e0 des fins de contr\u00f4le et de d\u00e9termination des responsabilit\u00e9s en cas de d\u00e9lits informatiques contre le site.<\/p><p>Si vous avez un compte et que vous vous connectez \u00e0 ce site, un cookie temporaire sera d\u00e9fini pour d\u00e9terminer si votre navigateur accepte les cookies. Ce cookie ne contient aucune donn\u00e9e personnelle et est supprim\u00e9 lorsque vous fermez votre navigateur.<\/p><p>Lorsque vous vous connectez, nous installerons \u00e9galement plusieurs cookies pour enregistrer vos informations de connexion et vos choix d&#039;affichage \u00e0 l&#039;\u00e9cran. Les cookies de connexion durent deux jours et les cookies d&#039;options d&#039;\u00e9cran durent un an. Si vous s\u00e9lectionnez \u00ab Se souvenir de moi \u00bb, votre connexion sera conserv\u00e9e pendant deux semaines. Si vous vous d\u00e9connectez de votre compte, vos cookies de connexion seront supprim\u00e9s.<\/p><p>Si vous modifiez ou publiez un article, un cookie suppl\u00e9mentaire sera enregistr\u00e9 dans votre navigateur. Ce cookie n&#039;inclut aucune donn\u00e9e personnelle, mais indique simplement l&#039;ID de l&#039;article qui vient d&#039;\u00eatre \u00e9dit\u00e9. Expire apr\u00e8s 1 jour.<\/p><p>Contenu int\u00e9gr\u00e9 provenant d&#039;autres sites Web<\/p><p>Les articles de ce site peuvent inclure du contenu int\u00e9gr\u00e9 (par exemple des vid\u00e9os, des images, des articles, etc.). Le contenu int\u00e9gr\u00e9 provenant d\u2019autres sites Web se comporte exactement de la m\u00eame mani\u00e8re que si le visiteur avait visit\u00e9 l\u2019autre site Web.<\/p><p>Ces sites Web peuvent collecter des donn\u00e9es vous concernant, utiliser des cookies, int\u00e9grer un suivi tiers suppl\u00e9mentaire et surveiller votre interaction avec ce contenu int\u00e9gr\u00e9, y compris le suivi de votre interaction avec le contenu int\u00e9gr\u00e9 si vous avez un compte et \u00eates connect\u00e9 \u00e0 ce site Web.<\/p><p>Si vous laissez un commentaire, le commentaire et ses m\u00e9tadonn\u00e9es sont conserv\u00e9s ind\u00e9finiment. Cela nous permet de reconna\u00eetre et d\u2019approuver automatiquement tous les commentaires de suivi au lieu de les conserver dans une file d\u2019attente de mod\u00e9ration.<\/p><p>Pour les utilisateurs qui s&#039;inscrivent sur notre site Web (le cas \u00e9ch\u00e9ant), nous stockons \u00e9galement les informations personnelles qu&#039;ils fournissent dans leur profil d&#039;utilisateur. Tous les utilisateurs peuvent voir, modifier ou supprimer leurs informations personnelles \u00e0 tout moment (sauf qu&#039;ils ne peuvent pas modifier leur nom d&#039;utilisateur). Les administrateurs du site Web peuvent \u00e9galement voir et modifier ces informations.<\/p>\t\t\t\t\t\t\t\t<\/div>\n\t\t\t\t<\/div>\n\t\t\t\t\t<\/div>\n\t\t\t\t<\/div>\n\t\t\t\t<\/div>","protected":false},"excerpt":{"rendered":"<p>Privacy Policy Camping Gran Paradiso tiene alla trasparenza e alla sicurezza dei vostri dati. Per questo motivo ha dedicato una sezione del sito www.campinggranparadiso.it alla privacy: qui vengono descritti i metodi di raccolta ed i trattamenti che saranno eseguiti con i vostri dati. INFORMATIVA PER IL TRATTAMENTO DEI DATI PERSONALI Camping Gran Paradiso, in qualit\u00e0 [&hellip;]<\/p>\n","protected":false},"author":0,"featured_media":0,"parent":0,"menu_order":0,"comment_status":"closed","ping_status":"draft","template":"","meta":{"two_page_speed":[],"footnotes":""},"class_list":["post-2616","page","type-page","status-publish","hentry"],"_links":{"self":[{"href":"https:\/\/campinggranparadiso.it\/fr\/wp-json\/wp\/v2\/pages\/2616","targetHints":{"allow":["GET"]}}],"collection":[{"href":"https:\/\/campinggranparadiso.it\/fr\/wp-json\/wp\/v2\/pages"}],"about":[{"href":"https:\/\/campinggranparadiso.it\/fr\/wp-json\/wp\/v2\/types\/page"}],"replies":[{"embeddable":true,"href":"https:\/\/campinggranparadiso.it\/fr\/wp-json\/wp\/v2\/comments?post=2616"}],"version-history":[{"count":0,"href":"https:\/\/campinggranparadiso.it\/fr\/wp-json\/wp\/v2\/pages\/2616\/revisions"}],"wp:attachment":[{"href":"https:\/\/campinggranparadiso.it\/fr\/wp-json\/wp\/v2\/media?parent=2616"}],"curies":[{"name":"wp","href":"https:\/\/api.w.org\/{rel}","templated":true}]}}