{"id":2616,"date":"2025-04-13T13:50:05","date_gmt":"2025-04-13T12:50:05","guid":{"rendered":"https:\/\/campinggranparadiso.it\/?page_id=2616"},"modified":"2025-04-13T13:51:15","modified_gmt":"2025-04-13T12:51:15","slug":"privacy-policy","status":"publish","type":"page","link":"https:\/\/campinggranparadiso.it\/es\/privacy-policy\/","title":{"rendered":"pol\u00edtica de privacidad"},"content":{"rendered":"<div data-elementor-type=\"wp-page\" data-elementor-id=\"2616\" class=\"elementor elementor-2616\">\n\t\t\t\t<div class=\"elementor-element elementor-element-ih7zrzx1 twbb_section e-flex e-con-boxed e-con e-parent\" data-id=\"ih7zrzx1\" data-element_type=\"container\" data-e-type=\"container\" id=\"discover-gran-paradiso\" data-settings=\"{&quot;background_background&quot;:&quot;classic&quot;}\">\n\t\t\t\t\t<div class=\"e-con-inner\">\n\t\t\t\t<div class=\"elementor-element elementor-element-x9xpn5o8 elementor-widget__width-initial elementor-widget-mobile__width-inherit elementor-widget-tablet__width-initial elementor-invisible elementor-widget elementor-widget-heading\" data-id=\"x9xpn5o8\" data-element_type=\"widget\" data-e-type=\"widget\" data-settings=\"{&quot;_animation&quot;:&quot;fadeInUp&quot;}\" data-widget_type=\"heading.default\">\n\t\t\t\t<div class=\"elementor-widget-container\">\n\t\t\t\t\t<h2 class=\"elementor-heading-title elementor-size-default\">pol\u00edtica de privacidad<\/h2>\t\t\t\t<\/div>\n\t\t\t\t<\/div>\n\t\t\t\t<div class=\"elementor-element elementor-element-inxbj3c2 elementor-widget__width-initial elementor-widget-mobile__width-inherit elementor-widget-tablet__width-initial elementor-invisible elementor-widget elementor-widget-text-editor\" data-id=\"inxbj3c2\" data-element_type=\"widget\" data-e-type=\"widget\" data-settings=\"{&quot;_animation&quot;:&quot;fadeInUp&quot;}\" data-widget_type=\"text-editor.default\">\n\t\t\t\t<div class=\"elementor-widget-container\">\n\t\t\t\t\t\t\t\t\t<p>Camping Gran Paradiso se preocupa por la transparencia y seguridad de sus datos. Por este motivo, una secci\u00f3n del sitio web www.campinggranparadiso.it se ha dedicado a la privacidad: aqu\u00ed se describen los m\u00e9todos de recogida y los tratamientos que se realizar\u00e1n con sus datos.<\/p>\t\t\t\t\t\t\t\t<\/div>\n\t\t\t\t<\/div>\n\t\t\t\t\t<\/div>\n\t\t\t\t<\/div>\n\t\t<div class=\"elementor-element elementor-element-fd41bab e-flex e-con-boxed e-con e-parent\" data-id=\"fd41bab\" data-element_type=\"container\" data-e-type=\"container\">\n\t\t\t\t\t<div class=\"e-con-inner\">\n\t\t\t\t<div class=\"elementor-element elementor-element-cac1fa0 elementor-widget elementor-widget-text-editor\" data-id=\"cac1fa0\" data-element_type=\"widget\" data-e-type=\"widget\" data-widget_type=\"text-editor.default\">\n\t\t\t\t<div class=\"elementor-widget-container\">\n\t\t\t\t\t\t\t\t\t<p>INFORMACI\u00d3N SOBRE EL TRATAMIENTO DE DATOS PERSONALES<\/p><p>Camping Gran Paradiso, en calidad de Responsable del Tratamiento (en adelante, el \u201cResponsable\u201d), le informa de conformidad con el art. 13 Decreto Legislativo 196\/2003 (en adelante \u201cC\u00f3digo de Privacidad\u201d) y Art. 13 Reglamento UE. 679\/2016 (en adelante \u201cRGPD\u201d) que sus datos personales proporcionados mediante el env\u00edo de solicitudes de informaci\u00f3n por correo electr\u00f3nico y\/o por tel\u00e9fono con el fin de satisfacer sus solicitudes ser\u00e1n tratados de la siguiente manera:<\/p><p>Los datos personales por usted facilitados al Responsable del Tratamiento son objeto de tratamiento electr\u00f3nico y en papel. Por \u201ctratamiento\u201d se entiende la recogida, registro, organizaci\u00f3n, almacenamiento, consulta, procesamiento, modificaci\u00f3n, selecci\u00f3n, extracci\u00f3n, comparaci\u00f3n, utilizaci\u00f3n, interconexi\u00f3n, bloqueo, comunicaci\u00f3n, cancelaci\u00f3n y destrucci\u00f3n de datos (art. 4 C\u00f3digo de Privacidad y art. 4 co. 2 RGPD).<\/p><p>Los datos, recogidos a trav\u00e9s del env\u00edo voluntario, gratuito y expl\u00edcito por parte del interesado de comunicaciones v\u00eda correo electr\u00f3nico y correo postal; Al contactar con el establecimiento por tel\u00e9fono se utilizar\u00e1n para responder a sus solicitudes. La duraci\u00f3n de su tratamiento ser\u00e1 hasta que se satisfaga la solicitud y podr\u00e1n ser tratados por personas designadas por el titular tales como cualquier encargado interno o externo, encargados del tratamiento formalmente designados.<\/p><p><br \/>La lista de personas autorizadas a tratar sus datos personales se conserva y puede consultarse mediante solicitud escrita enviada al Titular del tratamiento mediante correo electr\u00f3nico dirigido a campgranparadisovalsavarenche@gmail.com o mediante carta certificada con acuse de recibo (rrr) dirigida a la sede del Titular del tratamiento.<\/p><p>Datos facilitados voluntariamente por el interesado<\/p><p>Si el usuario proporciona datos adicionales a los solicitados expl\u00edcitamente por correo electr\u00f3nico y\/o cartas, estos ser\u00e1n adquiridos y tratados en pleno cumplimiento de la ley y si exceden los fines del tratamiento, ser\u00e1n eliminados.<\/p><p>Para servicios particulares bajo pedido se facilitar\u00e1 informaci\u00f3n resumida espec\u00edfica.<\/p><p>Comunicaci\u00f3n a terceros y categor\u00edas de destinatarios (art. 13, p\u00e1rrafo 1 del RGPD)<\/p><p>Sus datos no ser\u00e1n transmitidos a terceros.<\/p><p>Renovaci\u00f3n de la Pol\u00edtica de Privacidad<\/p><p>Cualquier tratamiento de datos m\u00e1s all\u00e1 del per\u00edodo de retenci\u00f3n previsto dar\u00e1 lugar al env\u00edo de un nuevo aviso, que informar\u00e1 y especificar\u00e1 el tipo de datos recopilados, el tratamiento que se llevar\u00e1 a cabo, el per\u00edodo de retenci\u00f3n de datos y la indicaci\u00f3n de los terceros a quienes sus datos pueden ser transmitidos.<\/p><p>DERECHOS DEL INTERESADO<\/p><p>En su condici\u00f3n de interesado, se le reconocen los derechos establecidos en el art. 7 C\u00f3digo de Privacidad y Art. 15 RGPD.<\/p><p>En su caso, podr\u00e1 ejercer los derechos establecidos en los art\u00edculos 16 a 21 del RGPD (derecho a: rectificaci\u00f3n, limitaci\u00f3n del tratamiento, oposici\u00f3n, derecho a la portabilidad y al olvido).<\/p><p>TIPOS DE DATOS PROCESADOS<\/p><p>DATOS DE NAVEGACI\u00d3N<\/p><p>Los sistemas inform\u00e1ticos y los procedimientos de software utilizados para el funcionamiento del sitio web www.campinggranparadiso.it durante su normal funcionamiento adquieren algunos datos personales, cuya transmisi\u00f3n est\u00e1 impl\u00edcita en el uso de los protocolos de comunicaci\u00f3n de Internet. Esta informaci\u00f3n no se recoge para asociar a los interesados e identificarlos, sino que, por su naturaleza, podr\u00eda permitir la identificaci\u00f3n del usuario mediante elaboraciones, asociaciones y cruces con datos obrantes en poder del Titular y de terceros.<\/p><p>Esta categor\u00eda incluye: direcciones IP, nombres de dominio de las computadoras a las que acceden los usuarios, direcciones URI (Identificador Uniforme de Recursos) de los recursos solicitados y su hora, el m\u00e9todo utilizado para enviar la solicitud al servidor, el tama\u00f1o del archivo obtenido en respuesta, el c\u00f3digo num\u00e9rico que indica el estado de la respuesta del servidor de datos (exitosa, error, etc.) y par\u00e1metros adicionales del sistema operativo del usuario y del entorno de TI.<\/p><p>Los datos recogidos de esta forma son an\u00f3nimos y se utilizan con el \u00fanico fin de obtener estad\u00edsticas an\u00f3nimas sobre el uso del sitio y para comprobar su correcto funcionamiento. Este tipo de datos se eliminan inmediatamente despu\u00e9s del procesamiento. Dichos datos podr\u00edan ser utilizados para el control y determinaci\u00f3n de responsabilidades en caso de delitos inform\u00e1ticos contra el sitio.<\/p><p>Si tiene una cuenta e inicia sesi\u00f3n en este sitio, se instalar\u00e1 una cookie temporal para determinar si su navegador acepta cookies. Esta cookie no contiene datos personales y se elimina al cerrar el navegador.<\/p><p>Cuando inicie sesi\u00f3n, tambi\u00e9n configuraremos varias cookies para guardar su informaci\u00f3n de inicio de sesi\u00f3n y sus opciones de visualizaci\u00f3n de pantalla. Las cookies de inicio de sesi\u00f3n duran dos d\u00edas y las cookies de opciones de pantalla duran un a\u00f1o. Si selecciona \u201cRecordarme\u201d, su inicio de sesi\u00f3n se mantendr\u00e1 durante dos semanas. Si cierra la sesi\u00f3n de su cuenta, se eliminar\u00e1n sus cookies de inicio de sesi\u00f3n.<\/p><p>Si edita o publica un art\u00edculo, se guardar\u00e1 una cookie adicional en su navegador. Esta cookie no incluye ning\u00fan dato personal, sino que simplemente indica el ID del art\u00edculo que acaba de editarse. Caduca despu\u00e9s de 1 d\u00eda.<\/p><p>Contenido incrustado de otros sitios web<\/p><p>Los art\u00edculos de este sitio pueden incluir contenido incrustado (por ejemplo, v\u00eddeos, im\u00e1genes, art\u00edculos, etc.). El contenido incrustado de otros sitios web se comporta exactamente de la misma manera que si el visitante hubiera visitado el otro sitio web.<\/p><p>Estos sitios web pueden recopilar datos sobre usted, utilizar cookies, incrustar un seguimiento adicional de terceros y supervisar su interacci\u00f3n con ese contenido incrustado, incluido el seguimiento de su interacci\u00f3n con el contenido incrustado si tiene una cuenta y est\u00e1 conectado a ese sitio web.<\/p><p>Si deja un comentario, el comentario y sus metadatos se conservan indefinidamente. Esto es para que podamos reconocer y aprobar autom\u00e1ticamente cualquier comentario de seguimiento en lugar de mantenerlos en una cola de moderaci\u00f3n.<\/p><p>Para los usuarios que se registran en nuestro sitio web (si los hay), tambi\u00e9n almacenamos la informaci\u00f3n personal que proporcionan en su perfil de usuario. Todos los usuarios pueden ver, editar o eliminar su informaci\u00f3n personal en cualquier momento (excepto que no pueden cambiar su nombre de usuario). Los administradores del sitio web tambi\u00e9n pueden ver y editar esa informaci\u00f3n.<\/p>\t\t\t\t\t\t\t\t<\/div>\n\t\t\t\t<\/div>\n\t\t\t\t\t<\/div>\n\t\t\t\t<\/div>\n\t\t\t\t<\/div>","protected":false},"excerpt":{"rendered":"<p>Privacy Policy Camping Gran Paradiso tiene alla trasparenza e alla sicurezza dei vostri dati. Per questo motivo ha dedicato una sezione del sito www.campinggranparadiso.it alla privacy: qui vengono descritti i metodi di raccolta ed i trattamenti che saranno eseguiti con i vostri dati. INFORMATIVA PER IL TRATTAMENTO DEI DATI PERSONALI Camping Gran Paradiso, in qualit\u00e0 [&hellip;]<\/p>\n","protected":false},"author":0,"featured_media":0,"parent":0,"menu_order":0,"comment_status":"closed","ping_status":"draft","template":"","meta":{"two_page_speed":[],"footnotes":""},"class_list":["post-2616","page","type-page","status-publish","hentry"],"_links":{"self":[{"href":"https:\/\/campinggranparadiso.it\/es\/wp-json\/wp\/v2\/pages\/2616","targetHints":{"allow":["GET"]}}],"collection":[{"href":"https:\/\/campinggranparadiso.it\/es\/wp-json\/wp\/v2\/pages"}],"about":[{"href":"https:\/\/campinggranparadiso.it\/es\/wp-json\/wp\/v2\/types\/page"}],"replies":[{"embeddable":true,"href":"https:\/\/campinggranparadiso.it\/es\/wp-json\/wp\/v2\/comments?post=2616"}],"version-history":[{"count":0,"href":"https:\/\/campinggranparadiso.it\/es\/wp-json\/wp\/v2\/pages\/2616\/revisions"}],"wp:attachment":[{"href":"https:\/\/campinggranparadiso.it\/es\/wp-json\/wp\/v2\/media?parent=2616"}],"curies":[{"name":"wp","href":"https:\/\/api.w.org\/{rel}","templated":true}]}}