{"id":2616,"date":"2025-04-13T13:50:05","date_gmt":"2025-04-13T12:50:05","guid":{"rendered":"https:\/\/campinggranparadiso.it\/?page_id=2616"},"modified":"2025-04-13T13:51:15","modified_gmt":"2025-04-13T12:51:15","slug":"privacy-policy","status":"publish","type":"page","link":"https:\/\/campinggranparadiso.it\/de\/privacy-policy\/","title":{"rendered":"Datenschutzrichtlinie"},"content":{"rendered":"<div data-elementor-type=\"wp-page\" data-elementor-id=\"2616\" class=\"elementor elementor-2616\">\n\t\t\t\t<div class=\"elementor-element elementor-element-ih7zrzx1 twbb_section e-flex e-con-boxed e-con e-parent\" data-id=\"ih7zrzx1\" data-element_type=\"container\" data-e-type=\"container\" id=\"discover-gran-paradiso\" data-settings=\"{&quot;background_background&quot;:&quot;classic&quot;}\">\n\t\t\t\t\t<div class=\"e-con-inner\">\n\t\t\t\t<div class=\"elementor-element elementor-element-x9xpn5o8 elementor-widget__width-initial elementor-widget-mobile__width-inherit elementor-widget-tablet__width-initial elementor-invisible elementor-widget elementor-widget-heading\" data-id=\"x9xpn5o8\" data-element_type=\"widget\" data-e-type=\"widget\" data-settings=\"{&quot;_animation&quot;:&quot;fadeInUp&quot;}\" data-widget_type=\"heading.default\">\n\t\t\t\t<div class=\"elementor-widget-container\">\n\t\t\t\t\t<h2 class=\"elementor-heading-title elementor-size-default\">Datenschutzrichtlinie<\/h2>\t\t\t\t<\/div>\n\t\t\t\t<\/div>\n\t\t\t\t<div class=\"elementor-element elementor-element-inxbj3c2 elementor-widget__width-initial elementor-widget-mobile__width-inherit elementor-widget-tablet__width-initial elementor-invisible elementor-widget elementor-widget-text-editor\" data-id=\"inxbj3c2\" data-element_type=\"widget\" data-e-type=\"widget\" data-settings=\"{&quot;_animation&quot;:&quot;fadeInUp&quot;}\" data-widget_type=\"text-editor.default\">\n\t\t\t\t<div class=\"elementor-widget-container\">\n\t\t\t\t\t\t\t\t\t<p>Camping Gran Paradiso legt Wert auf die Transparenz und Sicherheit Ihrer Daten. Aus diesem Grund wurde ein Abschnitt der Website www.campinggranparadiso.it dem Datenschutz gewidmet: Hier werden die Methoden der Erfassung und die Verarbeitung Ihrer Daten beschrieben.<\/p>\t\t\t\t\t\t\t\t<\/div>\n\t\t\t\t<\/div>\n\t\t\t\t\t<\/div>\n\t\t\t\t<\/div>\n\t\t<div class=\"elementor-element elementor-element-fd41bab e-flex e-con-boxed e-con e-parent\" data-id=\"fd41bab\" data-element_type=\"container\" data-e-type=\"container\">\n\t\t\t\t\t<div class=\"e-con-inner\">\n\t\t\t\t<div class=\"elementor-element elementor-element-cac1fa0 elementor-widget elementor-widget-text-editor\" data-id=\"cac1fa0\" data-element_type=\"widget\" data-e-type=\"widget\" data-widget_type=\"text-editor.default\">\n\t\t\t\t<div class=\"elementor-widget-container\">\n\t\t\t\t\t\t\t\t\t<p>INFORMATIONEN ZUR VERARBEITUNG PERSONENBEZOGENER DATEN<\/p><p>Camping Gran Paradiso informiert Sie als Verantwortlicher f\u00fcr die Datenverarbeitung (nachfolgend \u201eVerantwortlicher\u201c) gem\u00e4\u00df Art. 13 Gesetzesdekret 196\/2003 (im Folgenden \u201eDatenschutzkodex\u201c) und Art. 13 EU-Verordnung. 679\/2016 (nachfolgend \u201eDSGVO\u201c), dass Ihre personenbezogenen Daten, die Sie durch das Senden von Informationsanfragen per E-Mail und\/oder Telefon zur Verf\u00fcgung stellen, um Ihre Anfragen zu erf\u00fcllen, wie folgt verarbeitet werden:<\/p><p>Die von Ihnen dem Datenverantwortlichen zur Verf\u00fcgung gestellten personenbezogenen Daten werden elektronisch und in Papierform verarbeitet. Unter \u201eVerarbeitung\u201c verstehen wir das Erheben, Aufzeichnen, Organisieren, Speichern, Abfragen, Auswerten, Modifizieren, Ausw\u00e4hlen, Auslesen, Vergleichen, Verwenden, Verkn\u00fcpfen, Sperren, \u00dcbermitteln, L\u00f6schen und Vernichten von Daten (Art. 4 Datenschutzkodex und Art. 4 Abs. 2 DSGVO).<\/p><p>Die Daten werden durch die freiwillige, kostenlose und ausdr\u00fcckliche Zusendung von Briefen per E-Mail und Post durch den Interessenten erhoben; Bei einer telefonischen Kontaktaufnahme mit der Einrichtung werden diese zur Beantwortung Ihrer Anfragen verwendet. Die Verarbeitung erfolgt so lange, bis die Anfrage erf\u00fcllt ist. Die Daten k\u00f6nnen von vom Eigent\u00fcmer beauftragten Personen, wie etwa internen und externen Managern oder offiziell ernannten Datenverarbeitern, verarbeitet werden.<\/p><p><br \/>Die Liste der Personen, die zur Verarbeitung Ihrer personenbezogenen Daten befugt sind, wird gef\u00fchrt und kann auf schriftliche Anfrage an den Verantwortlichen per E-Mail an campgranparadisovalsavarenche@gmail.com oder per Einschreiben mit R\u00fcckschein (rrr) an den Hauptsitz des Verantwortlichen eingesehen werden.<\/p><p>Vom Interessenten freiwillig zur Verf\u00fcgung gestellte Daten<\/p><p>Sofern der Nutzer \u00fcber die per E-Mail und\/oder Brief ausdr\u00fccklich angeforderten Daten hinaus weitere Daten angibt, werden diese unter Beachtung der gesetzlichen Bestimmungen erhoben und verarbeitet und, sofern sie den Zweck der Verarbeitung \u00fcberschreiten, gel\u00f6scht.<\/p><p>F\u00fcr bestimmte Dienste werden auf Anfrage spezifische Kurzinformationen bereitgestellt.<\/p><p>Weitergabe an Dritte und Kategorien von Empf\u00e4ngern (Art. 13 Abs. 1 DSGVO)<\/p><p>Eine Weitergabe Ihrer Daten an Dritte erfolgt nicht.<\/p><p>Erneuerung der Datenschutzrichtlinie<\/p><p>Jede Datenverarbeitung \u00fcber den erwarteten Aufbewahrungszeitraum hinaus f\u00fchrt zur Zusendung einer neuen Mitteilung, in der die Art der erhobenen Daten, die durchgef\u00fchrte Verarbeitung, der Aufbewahrungszeitraum der Daten und die Angabe der Drittparteien, an die Ihre Daten \u00fcbermittelt werden k\u00f6nnen, aufgef\u00fchrt und angegeben werden.<\/p><p>RECHTE DER BETROFFENEN PERSON<\/p><p>Als Betroffener stehen Ihnen die in Art. 15 DSGVO genannten Rechte zu. 7 Datenschutzkodex und Art. 15 DSGVO.<\/p><p>Gegebenenfalls k\u00f6nnen Sie die in den Artikeln 16 bis 21 der DSGVO festgelegten Rechte aus\u00fcben (Recht auf Berichtigung, auf Einschr\u00e4nkung der Verarbeitung, auf Widerspruch, auf Daten\u00fcbertragbarkeit und auf Vergessenwerden).<\/p><p>Arten der verarbeiteten Daten<\/p><p>NAVIGATIONSDATEN<\/p><p>Die f\u00fcr den Betrieb der Website www.campinggranparadiso.it verwendeten Computersysteme und Softwareverfahren erfassen w\u00e4hrend ihres normalen Betriebs einige personenbezogene Daten, deren \u00dcbertragung bei der Verwendung von Internet-Kommunikationsprotokollen implizit ist. Diese Informationen werden nicht erhoben, um die betroffenen Parteien zuzuordnen und zu identifizieren, k\u00f6nnten aber aufgrund ihrer Beschaffenheit durch Verarbeitung, Verkn\u00fcpfung und Querverweise mit Daten, die sich im Besitz des Verantwortlichen und Dritter befinden, die Identifizierung des Benutzers erm\u00f6glichen.<\/p><p>Zu dieser Kategorie geh\u00f6ren: IP-Adressen, Dom\u00e4nennamen der Computer, auf die die Benutzer zugreifen, URI-Adressen (Uniform Resource Identifier) der angeforderten Ressourcen und deren Uhrzeit, die zum Senden der Anforderung an den Server verwendete Methode, die Gr\u00f6\u00dfe der als Antwort erhaltenen Datei, der numerische Code, der den Status der Antwort des Datenservers angibt (erfolgreich, Fehler usw.) und zus\u00e4tzliche Parameter des Betriebssystems und der IT-Umgebung des Benutzers.<\/p><p>Die auf diese Weise gesammelten Daten sind anonym und werden ausschlie\u00dflich dazu verwendet, anonyme Statistiken \u00fcber die Nutzung der Website zu erhalten und deren korrekte Funktionsweise zu \u00fcberpr\u00fcfen. Diese Daten werden unmittelbar nach der Verarbeitung gel\u00f6scht. Diese Daten k\u00f6nnten zur Kontrolle und Feststellung der Verantwortlichkeit im Falle von Computerkriminalit\u00e4t zum Schaden der Site verwendet werden.<\/p><p>Wenn Sie ein Konto haben und sich bei dieser Site anmelden, wird ein tempor\u00e4res Cookie gesetzt, um festzustellen, ob Ihr Browser Cookies akzeptiert. Dieses Cookie enth\u00e4lt keine personenbezogenen Daten und wird gel\u00f6scht, wenn Sie Ihren Browser schlie\u00dfen.<\/p><p>Wenn Sie sich anmelden, richten wir au\u00dferdem mehrere Cookies ein, um Ihre Anmeldeinformationen und Ihre Bildschirmanzeigeeinstellungen zu speichern. Anmelde-Cookies sind zwei Tage lang g\u00fcltig und Cookies f\u00fcr Bildschirmoptionen ein Jahr lang. Wenn Sie \u201eAngemeldet bleiben\u201c ausw\u00e4hlen, bleibt Ihre Anmeldung zwei Wochen lang bestehen. Wenn Sie sich von Ihrem Konto abmelden, werden Ihre Anmelde-Cookies entfernt.<\/p><p>Wenn Sie einen Artikel bearbeiten oder ver\u00f6ffentlichen, wird ein zus\u00e4tzlicher Cookie in Ihrem Browser gespeichert. Dieses Cookie enth\u00e4lt keine personenbezogenen Daten, sondern gibt lediglich die ID des gerade bearbeiteten Artikels an. L\u00e4uft nach 1 Tag ab.<\/p><p>Eingebettete Inhalte von anderen Websites<\/p><p>Artikel auf dieser Site k\u00f6nnen eingebettete Inhalte enthalten (z. B. Videos, Bilder, Artikel usw.). Eingebettete Inhalte von anderen Websites verhalten sich exakt so, als ob der Besucher die andere Website besucht h\u00e4tte.<\/p><p>Diese Websites k\u00f6nnen Daten \u00fcber Sie sammeln, Cookies benutzen, zus\u00e4tzliche Tracking-Dienste von Dritten einbetten und Ihre Interaktion mit diesem eingebetteten Inhalt aufzeichnen, inklusive Ihrer Interaktion mit dem eingebetteten Inhalt, falls Sie ein Konto haben und auf dieser Website angemeldet sind.<\/p><p>Wenn Sie einen Kommentar hinterlassen, bleiben der Kommentar und seine Metadaten auf unbestimmte Zeit gespeichert. Auf diese Weise k\u00f6nnen wir Folgekommentare automatisch erkennen und freigeben, anstatt sie in einer Moderationswarteschlange festzuhalten.<\/p><p>F\u00fcr Benutzer, die sich auf unserer Website registrieren (falls vorhanden), speichern wir zus\u00e4tzlich die pers\u00f6nlichen Informationen, die sie in ihrem Benutzerprofil angeben. Alle Benutzer k\u00f6nnen ihre pers\u00f6nlichen Daten jederzeit einsehen, bearbeiten oder l\u00f6schen (mit Ausnahme der \u00c4nderung ihres Benutzernamens). Website-Administratoren k\u00f6nnen diese Informationen ebenfalls sehen und bearbeiten.<\/p>\t\t\t\t\t\t\t\t<\/div>\n\t\t\t\t<\/div>\n\t\t\t\t\t<\/div>\n\t\t\t\t<\/div>\n\t\t\t\t<\/div>","protected":false},"excerpt":{"rendered":"<p>Privacy Policy Camping Gran Paradiso tiene alla trasparenza e alla sicurezza dei vostri dati. Per questo motivo ha dedicato una sezione del sito www.campinggranparadiso.it alla privacy: qui vengono descritti i metodi di raccolta ed i trattamenti che saranno eseguiti con i vostri dati. INFORMATIVA PER IL TRATTAMENTO DEI DATI PERSONALI Camping Gran Paradiso, in qualit\u00e0 [&hellip;]<\/p>\n","protected":false},"author":0,"featured_media":0,"parent":0,"menu_order":0,"comment_status":"closed","ping_status":"draft","template":"","meta":{"two_page_speed":[],"footnotes":""},"class_list":["post-2616","page","type-page","status-publish","hentry"],"_links":{"self":[{"href":"https:\/\/campinggranparadiso.it\/de\/wp-json\/wp\/v2\/pages\/2616","targetHints":{"allow":["GET"]}}],"collection":[{"href":"https:\/\/campinggranparadiso.it\/de\/wp-json\/wp\/v2\/pages"}],"about":[{"href":"https:\/\/campinggranparadiso.it\/de\/wp-json\/wp\/v2\/types\/page"}],"replies":[{"embeddable":true,"href":"https:\/\/campinggranparadiso.it\/de\/wp-json\/wp\/v2\/comments?post=2616"}],"version-history":[{"count":0,"href":"https:\/\/campinggranparadiso.it\/de\/wp-json\/wp\/v2\/pages\/2616\/revisions"}],"wp:attachment":[{"href":"https:\/\/campinggranparadiso.it\/de\/wp-json\/wp\/v2\/media?parent=2616"}],"curies":[{"name":"wp","href":"https:\/\/api.w.org\/{rel}","templated":true}]}}